{"id":380312,"date":"2024-06-07T08:24:02","date_gmt":"2024-06-07T08:24:02","guid":{"rendered":"https:\/\/eskortegirl.com\/?post_type=product&#038;p=380312"},"modified":"2024-06-07T08:24:02","modified_gmt":"2024-06-07T08:24:02","slug":"danigrl-380312","status":"publish","type":"product","link":"https:\/\/eskortegirl.com\/no\/eskorte-jente\/danigrl-380312\/","title":{"rendered":"DaniGRL"},"content":{"rendered":"<p>Jeg er p\u00e5 jakt etter en likesinnet sexvenn, Er ofte k\u00e5t \u00e5 tenker mye p\u00e5 sex, liker alt fra soft og deilig sex til et realt knull, har testet mye forskjellig \u00e5 ikke redd for \u00e5 pr\u00f8ve nye ting \ud83d\ude42 Hvis du ogs\u00e5 er det s\u00e5 send en melding s\u00e5 kanskje vi kan ha det deilig sammen?<\/p>","protected":false},"excerpt":{"rendered":"<p>Jeg er p\u00e5 jakt etter en likesinnet sexvenn, Er ofte k\u00e5t \u00e5 tenker mye p\u00e5 sex, liker alt fra soft og deilig sex til et realt knull, har testet mye forskjellig \u00e5 ikke redd for \u00e5 pr\u00f8ve nye ting \ud83d\ude42 Hvis du ogs\u00e5 er det s\u00e5 send en melding s\u00e5 kanskje vi kan ha det &hellip; <a href=\"https:\/\/eskortegirl.com\/no\/eskorte-jente\/danigrl-380312\/\" class=\"more-link\">Continue reading <span class=\"screen-reader-text\">DaniGRL<\/span><\/a><\/p>","protected":false},"featured_media":12376782,"template":"","meta":[],"product_brand":[],"product_cat":[928],"product_tag":[940,1154,939,1155,938,1150,1151,1159,932,942,931,1158,935,943,1148,937,1153,941,933,1152,1149,934,1156,1157],"class_list":{"0":"post-380312","1":"product","2":"type-product","3":"status-publish","4":"has-post-thumbnail","6":"product_cat-oslo-escorts","7":"product_tag-asian-escorts","8":"product_tag-dating-norway","9":"product_tag-eskorte","10":"product_tag-eskortegirl","11":"product_tag-eskortejenter","12":"product_tag-euro-girl-escort","13":"product_tag-euro-girls","14":"product_tag-hook-ups","15":"product_tag-makentid","16":"product_tag-milf-escort","17":"product_tag-nakenprat","18":"product_tag-nordic-girls","19":"product_tag-norske-nudes","20":"product_tag-norway-escorts","21":"product_tag-norway-girls","22":"product_tag-norwegian-onlyfans","23":"product_tag-oslo-girls","24":"product_tag-realescort-eu","25":"product_tag-realescorte","26":"product_tag-sex-norway","27":"product_tag-sugar-daddy","28":"product_tag-sugardaters","29":"product_tag-tinder-norway","30":"product_tag-tinder-oslo","31":"pa_enjoys-escorts-girls-who-enjoy-experimental","32":"pa_enjoys-escort-girls-who-enjoy-femdom","33":"pa_enjoys-escort-girls-who-enjoy-masturbation","34":"pa_enjoys-escort-girls-who-enjoy-missionary","35":"pa_enjoys-escort-girls-who-enjoy-no-condom","36":"pa_enjoys-escort-girls-who-enjoy-panties","37":"pa_enjoys-escort-girls-who-enjoy-reverse-cowgirl","38":"pa_enjoys-escort-girls-who-enjoy-sex-toys","39":"pa_enjoys-escort-girls-who-like-long-foreplay","40":"pa_enjoys-escort-girls-who-like-oral-sex","41":"pa_enjoys-escort-girls-who-like-piercing","42":"pa_enjoys-escort-girls-who-like-role-play","43":"pa_enjoys-escort-girls-who-like-romantic","44":"pa_enjoys-escort-girls-who-like-sugar-daddy","45":"pa_enjoys-escort-girls-who-enjoy-lingerie","46":"pa_enjoys-escorts-who-enjoy-creampie","47":"pa_enjoys-escorts-who-enjoy-cybersex","48":"pa_enjoys-escorts-who-enjoy-doggy-style","49":"pa_enjoys-escorts-who-enjoy-squirting","50":"pa_enjoys-escorts-who-like-cowgirl","51":"pa_enjoys-escorts-who-like-dildo","52":"pa_enjoys-escorts-who-like-edging","53":"pa_enjoys-escorts-who-like-or-enjoy-blindfolding","54":"pa_enjoys-escorts-who-like-or-enjoy-nylon","55":"pa_enjoys-escorts-who-like-straight-sex","56":"pa_enjoys-escorts-who-like-teasing","57":"pa_enjoys-escorts-who-like-uniform","59":"first","60":"instock","61":"shipping-taxable","62":"product-type-external"},"yoast_head":"<!-- This site is optimized with the Yoast SEO Premium plugin v22.3 (Yoast SEO v27.3) - https:\/\/yoast.com\/product\/yoast-seo-premium-wordpress\/ -->\n<title>DaniGRL Norway Escort<\/title>\n<meta name=\"robots\" content=\"index, follow, max-snippet:-1, max-image-preview:large, max-video-preview:-1\" \/>\n<link rel=\"canonical\" href=\"https:\/\/eskortegirl.com\/no\/eskorte-jente\/danigrl-380312\/\" \/>\n<meta property=\"og:locale\" content=\"nb_NO\" \/>\n<meta property=\"og:type\" content=\"article\" \/>\n<meta property=\"og:title\" content=\"DaniGRL\" \/>\n<meta property=\"og:description\" content=\"Jeg er p\u00e5 jakt etter en likesinnet sexvenn, Er ofte k\u00e5t \u00e5 tenker mye p\u00e5 sex, liker alt fra soft og deilig sex til et realt knull, har testet mye forskjellig \u00e5 ikke redd for \u00e5 pr\u00f8ve nye ting \ud83d\ude42 Hvis du ogs\u00e5 er det s\u00e5 send en melding s\u00e5 kanskje vi kan ha det &hellip; Continue reading DaniGRL\" \/>\n<meta property=\"og:url\" content=\"https:\/\/eskortegirl.com\/no\/eskorte-jente\/danigrl-380312\/\" \/>\n<meta property=\"og:site_name\" content=\"Eskorte Girl - Finn Eskorte jenter i hele Norge\" \/>\n<meta property=\"og:image\" content=\"https:\/\/eskortegirl.com\/wp-content\/uploads\/2024\/05\/380312_50.jpg\" \/>\n\t<meta property=\"og:image:width\" content=\"1\" \/>\n\t<meta property=\"og:image:height\" content=\"1\" \/>\n\t<meta property=\"og:image:type\" content=\"image\/jpeg\" \/>\n<meta name=\"twitter:card\" content=\"summary_large_image\" \/>\n<script type=\"application\/ld+json\" class=\"yoast-schema-graph\">{\"@context\":\"https:\\\/\\\/schema.org\",\"@graph\":[{\"@type\":\"WebPage\",\"@id\":\"https:\\\/\\\/eskortegirl.com\\\/escort-girl\\\/danigrl-380312\\\/\",\"url\":\"https:\\\/\\\/eskortegirl.com\\\/escort-girl\\\/danigrl-380312\\\/\",\"name\":\"DaniGRL Norway Escort\",\"isPartOf\":{\"@id\":\"https:\\\/\\\/eskortegirl.com\\\/#website\"},\"primaryImageOfPage\":{\"@id\":\"https:\\\/\\\/eskortegirl.com\\\/escort-girl\\\/danigrl-380312\\\/#primaryimage\"},\"image\":{\"@id\":\"https:\\\/\\\/eskortegirl.com\\\/escort-girl\\\/danigrl-380312\\\/#primaryimage\"},\"thumbnailUrl\":\"https:\\\/\\\/eskortegirl.com\\\/wp-content\\\/uploads\\\/2024\\\/05\\\/380312_50.jpg\",\"datePublished\":\"2024-06-07T08:24:02+00:00\",\"breadcrumb\":{\"@id\":\"https:\\\/\\\/eskortegirl.com\\\/escort-girl\\\/danigrl-380312\\\/#breadcrumb\"},\"inLanguage\":\"nb-NO\",\"potentialAction\":[{\"@type\":\"ReadAction\",\"target\":[\"https:\\\/\\\/eskortegirl.com\\\/escort-girl\\\/danigrl-380312\\\/\"]}]},{\"@type\":\"ImageObject\",\"inLanguage\":\"nb-NO\",\"@id\":\"https:\\\/\\\/eskortegirl.com\\\/escort-girl\\\/danigrl-380312\\\/#primaryimage\",\"url\":\"https:\\\/\\\/eskortegirl.com\\\/wp-content\\\/uploads\\\/2024\\\/05\\\/380312_50.jpg\",\"contentUrl\":\"https:\\\/\\\/eskortegirl.com\\\/wp-content\\\/uploads\\\/2024\\\/05\\\/380312_50.jpg\",\"caption\":\"DaniGRL\"},{\"@type\":\"BreadcrumbList\",\"@id\":\"https:\\\/\\\/eskortegirl.com\\\/escort-girl\\\/danigrl-380312\\\/#breadcrumb\",\"itemListElement\":[{\"@type\":\"ListItem\",\"position\":1,\"name\":\"Home\",\"item\":\"https:\\\/\\\/eskortegirl.com\\\/\"},{\"@type\":\"ListItem\",\"position\":2,\"name\":\"Eskorte Girl &#8211; Finn Eskorte jenter i hele Norge\",\"item\":\"https:\\\/\\\/eskortegirl.com\\\/\"},{\"@type\":\"ListItem\",\"position\":3,\"name\":\"DaniGRL\"}]},{\"@type\":\"WebSite\",\"@id\":\"https:\\\/\\\/eskortegirl.com\\\/#website\",\"url\":\"https:\\\/\\\/eskortegirl.com\\\/\",\"name\":\"Eskortegirl\",\"description\":\"Eskorte Girl - Finn Eskorte jenter i hele Norge\",\"publisher\":{\"@id\":\"https:\\\/\\\/eskortegirl.com\\\/#organization\"},\"alternateName\":\"Escorts\",\"potentialAction\":[{\"@type\":\"SearchAction\",\"target\":{\"@type\":\"EntryPoint\",\"urlTemplate\":\"https:\\\/\\\/eskortegirl.com\\\/?s={search_term_string}\"},\"query-input\":{\"@type\":\"PropertyValueSpecification\",\"valueRequired\":true,\"valueName\":\"search_term_string\"}}],\"inLanguage\":\"nb-NO\"},{\"@type\":\"Organization\",\"@id\":\"https:\\\/\\\/eskortegirl.com\\\/#organization\",\"name\":\"Eskortegirl\",\"url\":\"https:\\\/\\\/eskortegirl.com\\\/\",\"logo\":{\"@type\":\"ImageObject\",\"inLanguage\":\"nb-NO\",\"@id\":\"https:\\\/\\\/eskortegirl.com\\\/#\\\/schema\\\/logo\\\/image\\\/\",\"url\":\"https:\\\/\\\/eskortegirl.com\\\/wp-content\\\/uploads\\\/2023\\\/06\\\/Eskortegirl.png\",\"contentUrl\":\"https:\\\/\\\/eskortegirl.com\\\/wp-content\\\/uploads\\\/2023\\\/06\\\/Eskortegirl.png\",\"width\":240,\"height\":62,\"caption\":\"Eskortegirl\"},\"image\":{\"@id\":\"https:\\\/\\\/eskortegirl.com\\\/#\\\/schema\\\/logo\\\/image\\\/\"}}]}<\/script>\n<!-- \/ Yoast SEO Premium plugin. -->","yoast_head_json":{"title":"DaniGRL Norway Escort","robots":{"index":"index","follow":"follow","max-snippet":"max-snippet:-1","max-image-preview":"max-image-preview:large","max-video-preview":"max-video-preview:-1"},"canonical":"https:\/\/eskortegirl.com\/no\/eskorte-jente\/danigrl-380312\/","og_locale":"nb_NO","og_type":"article","og_title":"DaniGRL","og_description":"Jeg er p\u00e5 jakt etter en likesinnet sexvenn, Er ofte k\u00e5t \u00e5 tenker mye p\u00e5 sex, liker alt fra soft og deilig sex til et realt knull, har testet mye forskjellig \u00e5 ikke redd for \u00e5 pr\u00f8ve nye ting \ud83d\ude42 Hvis du ogs\u00e5 er det s\u00e5 send en melding s\u00e5 kanskje vi kan ha det &hellip; Continue reading DaniGRL","og_url":"https:\/\/eskortegirl.com\/no\/eskorte-jente\/danigrl-380312\/","og_site_name":"Eskorte Girl - Finn Eskorte jenter i hele Norge","og_image":[{"url":"https:\/\/eskortegirl.com\/wp-content\/uploads\/2024\/05\/380312_50.jpg","width":1,"height":1,"type":"image\/jpeg"}],"twitter_card":"summary_large_image","schema":{"@context":"https:\/\/schema.org","@graph":[{"@type":"WebPage","@id":"https:\/\/eskortegirl.com\/escort-girl\/danigrl-380312\/","url":"https:\/\/eskortegirl.com\/escort-girl\/danigrl-380312\/","name":"DaniGRL Norway Escort","isPartOf":{"@id":"https:\/\/eskortegirl.com\/#website"},"primaryImageOfPage":{"@id":"https:\/\/eskortegirl.com\/escort-girl\/danigrl-380312\/#primaryimage"},"image":{"@id":"https:\/\/eskortegirl.com\/escort-girl\/danigrl-380312\/#primaryimage"},"thumbnailUrl":"https:\/\/eskortegirl.com\/wp-content\/uploads\/2024\/05\/380312_50.jpg","datePublished":"2024-06-07T08:24:02+00:00","breadcrumb":{"@id":"https:\/\/eskortegirl.com\/escort-girl\/danigrl-380312\/#breadcrumb"},"inLanguage":"nb-NO","potentialAction":[{"@type":"ReadAction","target":["https:\/\/eskortegirl.com\/escort-girl\/danigrl-380312\/"]}]},{"@type":"ImageObject","inLanguage":"nb-NO","@id":"https:\/\/eskortegirl.com\/escort-girl\/danigrl-380312\/#primaryimage","url":"https:\/\/eskortegirl.com\/wp-content\/uploads\/2024\/05\/380312_50.jpg","contentUrl":"https:\/\/eskortegirl.com\/wp-content\/uploads\/2024\/05\/380312_50.jpg","caption":"DaniGRL"},{"@type":"BreadcrumbList","@id":"https:\/\/eskortegirl.com\/escort-girl\/danigrl-380312\/#breadcrumb","itemListElement":[{"@type":"ListItem","position":1,"name":"Home","item":"https:\/\/eskortegirl.com\/"},{"@type":"ListItem","position":2,"name":"Eskorte Girl &#8211; Finn Eskorte jenter i hele Norge","item":"https:\/\/eskortegirl.com\/"},{"@type":"ListItem","position":3,"name":"DaniGRL"}]},{"@type":"WebSite","@id":"https:\/\/eskortegirl.com\/#website","url":"https:\/\/eskortegirl.com\/","name":"Eskortegirl","description":"Eskorte Girl - Finn Eskorte jenter i hele Norge","publisher":{"@id":"https:\/\/eskortegirl.com\/#organization"},"alternateName":"Escorts","potentialAction":[{"@type":"SearchAction","target":{"@type":"EntryPoint","urlTemplate":"https:\/\/eskortegirl.com\/?s={search_term_string}"},"query-input":{"@type":"PropertyValueSpecification","valueRequired":true,"valueName":"search_term_string"}}],"inLanguage":"nb-NO"},{"@type":"Organization","@id":"https:\/\/eskortegirl.com\/#organization","name":"Eskortegirl","url":"https:\/\/eskortegirl.com\/","logo":{"@type":"ImageObject","inLanguage":"nb-NO","@id":"https:\/\/eskortegirl.com\/#\/schema\/logo\/image\/","url":"https:\/\/eskortegirl.com\/wp-content\/uploads\/2023\/06\/Eskortegirl.png","contentUrl":"https:\/\/eskortegirl.com\/wp-content\/uploads\/2023\/06\/Eskortegirl.png","width":240,"height":62,"caption":"Eskortegirl"},"image":{"@id":"https:\/\/eskortegirl.com\/#\/schema\/logo\/image\/"}}]}},"_links":{"self":[{"href":"https:\/\/eskortegirl.com\/no\/wp-json\/wp\/v2\/product\/380312","targetHints":{"allow":["GET"]}}],"collection":[{"href":"https:\/\/eskortegirl.com\/no\/wp-json\/wp\/v2\/product"}],"about":[{"href":"https:\/\/eskortegirl.com\/no\/wp-json\/wp\/v2\/types\/product"}],"wp:featuredmedia":[{"embeddable":true,"href":"https:\/\/eskortegirl.com\/no\/wp-json\/wp\/v2\/media\/12376782"}],"wp:attachment":[{"href":"https:\/\/eskortegirl.com\/no\/wp-json\/wp\/v2\/media?parent=380312"}],"wp:term":[{"taxonomy":"product_brand","embeddable":true,"href":"https:\/\/eskortegirl.com\/no\/wp-json\/wp\/v2\/product_brand?post=380312"},{"taxonomy":"product_cat","embeddable":true,"href":"https:\/\/eskortegirl.com\/no\/wp-json\/wp\/v2\/product_cat?post=380312"},{"taxonomy":"product_tag","embeddable":true,"href":"https:\/\/eskortegirl.com\/no\/wp-json\/wp\/v2\/product_tag?post=380312"}],"curies":[{"name":"wp","href":"https:\/\/api.w.org\/{rel}","templated":true}]}}