{"id":380276,"date":"2024-06-01T08:25:31","date_gmt":"2024-06-01T08:25:31","guid":{"rendered":"https:\/\/eskortegirl.com\/?post_type=product&#038;p=380276"},"modified":"2024-06-01T08:25:31","modified_gmt":"2024-06-01T08:25:31","slug":"swwet0naughty-380276","status":"publish","type":"product","link":"https:\/\/eskortegirl.com\/no\/eskorte-jente\/swwet0naughty-380276\/","title":{"rendered":"Swwet0slem"},"content":{"rendered":"<p>Singel og blid jente her som s\u00f8ker litt uforpliktede sex, Mye forskjellig jeg har lyst \u00e5 pr\u00f8ve og er ikke redd for nye ting, Det m\u00e5 ikke du v\u00e6re heller, Om du har litt erfaring er det bare en fordel men ingen krav \ud83d\ude42<\/p>","protected":false},"excerpt":{"rendered":"<p>Singel og blid jente her som s\u00f8ker litt uforpliktede sex, Mye forskjellig jeg har lyst \u00e5 pr\u00f8ve og er ikke redd for nye ting, Det m\u00e5 ikke du v\u00e6re heller, Om du har litt erfaring er det bare en fordel men ingen krav \ud83d\ude42<\/p>","protected":false},"featured_media":12384282,"template":"","meta":[],"product_brand":[],"product_cat":[928],"product_tag":[940,1154,939,1155,938,1150,1151,1159,932,942,931,1158,935,943,1148,937,1153,941,933,1152,1149,934,1156,1157],"class_list":{"0":"post-380276","1":"product","2":"type-product","3":"status-publish","4":"has-post-thumbnail","6":"product_cat-oslo-escorts","7":"product_tag-asian-escorts","8":"product_tag-dating-norway","9":"product_tag-eskorte","10":"product_tag-eskortegirl","11":"product_tag-eskortejenter","12":"product_tag-euro-girl-escort","13":"product_tag-euro-girls","14":"product_tag-hook-ups","15":"product_tag-makentid","16":"product_tag-milf-escort","17":"product_tag-nakenprat","18":"product_tag-nordic-girls","19":"product_tag-norske-nudes","20":"product_tag-norway-escorts","21":"product_tag-norway-girls","22":"product_tag-norwegian-onlyfans","23":"product_tag-oslo-girls","24":"product_tag-realescort-eu","25":"product_tag-realescorte","26":"product_tag-sex-norway","27":"product_tag-sugar-daddy","28":"product_tag-sugardaters","29":"product_tag-tinder-norway","30":"product_tag-tinder-oslo","31":"pa_enjoys-escorts-girls-who-enjoy-experimental","32":"pa_enjoys-escorts-who-girls-enjoy-handcuffs","33":"pa_enjoys-escort-girls-who-enjoy-masturbation","34":"pa_enjoys-escort-girls-who-enjoy-sex-toys","35":"pa_enjoys-escort-girls-who-enjoy-spanking","36":"pa_enjoys-escort-girls-who-like-long-foreplay","37":"pa_enjoys-escort-girls-who-like-oral-sex","38":"pa_enjoys-escort-girls-who-like-sugar-daddy","39":"pa_enjoys-escort-girls-who-enjoy-lingerie","40":"pa_enjoys-escorts-who-enjoy-creampie","41":"pa_enjoys-escorts-who-enjoy-cybersex","42":"pa_enjoys-escorts-who-enjoy-doggy-style","43":"pa_enjoys-escorts-who-enjoy-threesome","44":"pa_enjoys-escorts-who-like-cowgirl","45":"pa_enjoys-escorts-who-like-dildo","46":"pa_enjoys-escorts-who-like-facials","47":"pa_enjoys-escorts-who-like-or-enjoy-anal","48":"pa_enjoys-escorts-who-like-or-enjoy-blowjob","49":"pa_enjoys-escorts-who-like-or-enjoy-bondage","50":"pa_enjoys-escorts-who-like-straight-sex","51":"pa_enjoys-escorts-who-like-uniform","53":"first","54":"instock","55":"shipping-taxable","56":"product-type-external"},"yoast_head":"<!-- This site is optimized with the Yoast SEO Premium plugin v22.3 (Yoast SEO v27.3) - https:\/\/yoast.com\/product\/yoast-seo-premium-wordpress\/ -->\n<title>Swwet0naughty Norway Escort<\/title>\n<meta name=\"robots\" content=\"index, follow, max-snippet:-1, max-image-preview:large, max-video-preview:-1\" \/>\n<link rel=\"canonical\" href=\"https:\/\/eskortegirl.com\/no\/eskorte-jente\/swwet0naughty-380276\/\" \/>\n<meta property=\"og:locale\" content=\"nb_NO\" \/>\n<meta property=\"og:type\" content=\"article\" \/>\n<meta property=\"og:title\" content=\"Swwet0naughty\" \/>\n<meta property=\"og:description\" content=\"Singel og blid jente her som s\u00f8ker litt uforpliktede sex, Mye forskjellig jeg har lyst \u00e5 pr\u00f8ve og er ikke redd for nye ting, Det m\u00e5 ikke du v\u00e6re heller, Om du har litt erfaring er det bare en fordel men ingen krav \ud83d\ude42\" \/>\n<meta property=\"og:url\" content=\"https:\/\/eskortegirl.com\/no\/eskorte-jente\/swwet0naughty-380276\/\" \/>\n<meta property=\"og:site_name\" content=\"Eskorte Girl - Finn Eskorte jenter i hele Norge\" \/>\n<meta property=\"og:image\" content=\"https:\/\/eskortegirl.com\/wp-content\/uploads\/2024\/05\/380276_50.jpg\" \/>\n\t<meta property=\"og:image:width\" content=\"1\" \/>\n\t<meta property=\"og:image:height\" content=\"1\" \/>\n\t<meta property=\"og:image:type\" content=\"image\/jpeg\" \/>\n<meta name=\"twitter:card\" content=\"summary_large_image\" \/>\n<script type=\"application\/ld+json\" class=\"yoast-schema-graph\">{\"@context\":\"https:\\\/\\\/schema.org\",\"@graph\":[{\"@type\":\"WebPage\",\"@id\":\"https:\\\/\\\/eskortegirl.com\\\/escort-girl\\\/swwet0naughty-380276\\\/\",\"url\":\"https:\\\/\\\/eskortegirl.com\\\/escort-girl\\\/swwet0naughty-380276\\\/\",\"name\":\"Swwet0naughty Norway Escort\",\"isPartOf\":{\"@id\":\"https:\\\/\\\/eskortegirl.com\\\/#website\"},\"primaryImageOfPage\":{\"@id\":\"https:\\\/\\\/eskortegirl.com\\\/escort-girl\\\/swwet0naughty-380276\\\/#primaryimage\"},\"image\":{\"@id\":\"https:\\\/\\\/eskortegirl.com\\\/escort-girl\\\/swwet0naughty-380276\\\/#primaryimage\"},\"thumbnailUrl\":\"https:\\\/\\\/eskortegirl.com\\\/wp-content\\\/uploads\\\/2024\\\/05\\\/380276_50.jpg\",\"datePublished\":\"2024-06-01T08:25:31+00:00\",\"breadcrumb\":{\"@id\":\"https:\\\/\\\/eskortegirl.com\\\/escort-girl\\\/swwet0naughty-380276\\\/#breadcrumb\"},\"inLanguage\":\"nb-NO\",\"potentialAction\":[{\"@type\":\"ReadAction\",\"target\":[\"https:\\\/\\\/eskortegirl.com\\\/escort-girl\\\/swwet0naughty-380276\\\/\"]}]},{\"@type\":\"ImageObject\",\"inLanguage\":\"nb-NO\",\"@id\":\"https:\\\/\\\/eskortegirl.com\\\/escort-girl\\\/swwet0naughty-380276\\\/#primaryimage\",\"url\":\"https:\\\/\\\/eskortegirl.com\\\/wp-content\\\/uploads\\\/2024\\\/05\\\/380276_50.jpg\",\"contentUrl\":\"https:\\\/\\\/eskortegirl.com\\\/wp-content\\\/uploads\\\/2024\\\/05\\\/380276_50.jpg\",\"caption\":\"Swwet0naughty\"},{\"@type\":\"BreadcrumbList\",\"@id\":\"https:\\\/\\\/eskortegirl.com\\\/escort-girl\\\/swwet0naughty-380276\\\/#breadcrumb\",\"itemListElement\":[{\"@type\":\"ListItem\",\"position\":1,\"name\":\"Home\",\"item\":\"https:\\\/\\\/eskortegirl.com\\\/\"},{\"@type\":\"ListItem\",\"position\":2,\"name\":\"Eskorte Girl &#8211; Finn Eskorte jenter i hele Norge\",\"item\":\"https:\\\/\\\/eskortegirl.com\\\/\"},{\"@type\":\"ListItem\",\"position\":3,\"name\":\"Swwet0naughty\"}]},{\"@type\":\"WebSite\",\"@id\":\"https:\\\/\\\/eskortegirl.com\\\/#website\",\"url\":\"https:\\\/\\\/eskortegirl.com\\\/\",\"name\":\"Eskortegirl\",\"description\":\"Eskorte Girl - Finn Eskorte jenter i hele Norge\",\"publisher\":{\"@id\":\"https:\\\/\\\/eskortegirl.com\\\/#organization\"},\"alternateName\":\"Escorts\",\"potentialAction\":[{\"@type\":\"SearchAction\",\"target\":{\"@type\":\"EntryPoint\",\"urlTemplate\":\"https:\\\/\\\/eskortegirl.com\\\/?s={search_term_string}\"},\"query-input\":{\"@type\":\"PropertyValueSpecification\",\"valueRequired\":true,\"valueName\":\"search_term_string\"}}],\"inLanguage\":\"nb-NO\"},{\"@type\":\"Organization\",\"@id\":\"https:\\\/\\\/eskortegirl.com\\\/#organization\",\"name\":\"Eskortegirl\",\"url\":\"https:\\\/\\\/eskortegirl.com\\\/\",\"logo\":{\"@type\":\"ImageObject\",\"inLanguage\":\"nb-NO\",\"@id\":\"https:\\\/\\\/eskortegirl.com\\\/#\\\/schema\\\/logo\\\/image\\\/\",\"url\":\"https:\\\/\\\/eskortegirl.com\\\/wp-content\\\/uploads\\\/2023\\\/06\\\/Eskortegirl.png\",\"contentUrl\":\"https:\\\/\\\/eskortegirl.com\\\/wp-content\\\/uploads\\\/2023\\\/06\\\/Eskortegirl.png\",\"width\":240,\"height\":62,\"caption\":\"Eskortegirl\"},\"image\":{\"@id\":\"https:\\\/\\\/eskortegirl.com\\\/#\\\/schema\\\/logo\\\/image\\\/\"}}]}<\/script>\n<!-- \/ Yoast SEO Premium plugin. -->","yoast_head_json":{"title":"Swwet0naughty Norway Escort","robots":{"index":"index","follow":"follow","max-snippet":"max-snippet:-1","max-image-preview":"max-image-preview:large","max-video-preview":"max-video-preview:-1"},"canonical":"https:\/\/eskortegirl.com\/no\/eskorte-jente\/swwet0naughty-380276\/","og_locale":"nb_NO","og_type":"article","og_title":"Swwet0naughty","og_description":"Singel og blid jente her som s\u00f8ker litt uforpliktede sex, Mye forskjellig jeg har lyst \u00e5 pr\u00f8ve og er ikke redd for nye ting, Det m\u00e5 ikke du v\u00e6re heller, Om du har litt erfaring er det bare en fordel men ingen krav \ud83d\ude42","og_url":"https:\/\/eskortegirl.com\/no\/eskorte-jente\/swwet0naughty-380276\/","og_site_name":"Eskorte Girl - Finn Eskorte jenter i hele Norge","og_image":[{"url":"https:\/\/eskortegirl.com\/wp-content\/uploads\/2024\/05\/380276_50.jpg","width":1,"height":1,"type":"image\/jpeg"}],"twitter_card":"summary_large_image","schema":{"@context":"https:\/\/schema.org","@graph":[{"@type":"WebPage","@id":"https:\/\/eskortegirl.com\/escort-girl\/swwet0naughty-380276\/","url":"https:\/\/eskortegirl.com\/escort-girl\/swwet0naughty-380276\/","name":"Swwet0naughty Norway Escort","isPartOf":{"@id":"https:\/\/eskortegirl.com\/#website"},"primaryImageOfPage":{"@id":"https:\/\/eskortegirl.com\/escort-girl\/swwet0naughty-380276\/#primaryimage"},"image":{"@id":"https:\/\/eskortegirl.com\/escort-girl\/swwet0naughty-380276\/#primaryimage"},"thumbnailUrl":"https:\/\/eskortegirl.com\/wp-content\/uploads\/2024\/05\/380276_50.jpg","datePublished":"2024-06-01T08:25:31+00:00","breadcrumb":{"@id":"https:\/\/eskortegirl.com\/escort-girl\/swwet0naughty-380276\/#breadcrumb"},"inLanguage":"nb-NO","potentialAction":[{"@type":"ReadAction","target":["https:\/\/eskortegirl.com\/escort-girl\/swwet0naughty-380276\/"]}]},{"@type":"ImageObject","inLanguage":"nb-NO","@id":"https:\/\/eskortegirl.com\/escort-girl\/swwet0naughty-380276\/#primaryimage","url":"https:\/\/eskortegirl.com\/wp-content\/uploads\/2024\/05\/380276_50.jpg","contentUrl":"https:\/\/eskortegirl.com\/wp-content\/uploads\/2024\/05\/380276_50.jpg","caption":"Swwet0naughty"},{"@type":"BreadcrumbList","@id":"https:\/\/eskortegirl.com\/escort-girl\/swwet0naughty-380276\/#breadcrumb","itemListElement":[{"@type":"ListItem","position":1,"name":"Home","item":"https:\/\/eskortegirl.com\/"},{"@type":"ListItem","position":2,"name":"Eskorte Girl &#8211; Finn Eskorte jenter i hele Norge","item":"https:\/\/eskortegirl.com\/"},{"@type":"ListItem","position":3,"name":"Swwet0naughty"}]},{"@type":"WebSite","@id":"https:\/\/eskortegirl.com\/#website","url":"https:\/\/eskortegirl.com\/","name":"Eskortegirl","description":"Eskorte Girl - Finn Eskorte jenter i hele Norge","publisher":{"@id":"https:\/\/eskortegirl.com\/#organization"},"alternateName":"Escorts","potentialAction":[{"@type":"SearchAction","target":{"@type":"EntryPoint","urlTemplate":"https:\/\/eskortegirl.com\/?s={search_term_string}"},"query-input":{"@type":"PropertyValueSpecification","valueRequired":true,"valueName":"search_term_string"}}],"inLanguage":"nb-NO"},{"@type":"Organization","@id":"https:\/\/eskortegirl.com\/#organization","name":"Eskortegirl","url":"https:\/\/eskortegirl.com\/","logo":{"@type":"ImageObject","inLanguage":"nb-NO","@id":"https:\/\/eskortegirl.com\/#\/schema\/logo\/image\/","url":"https:\/\/eskortegirl.com\/wp-content\/uploads\/2023\/06\/Eskortegirl.png","contentUrl":"https:\/\/eskortegirl.com\/wp-content\/uploads\/2023\/06\/Eskortegirl.png","width":240,"height":62,"caption":"Eskortegirl"},"image":{"@id":"https:\/\/eskortegirl.com\/#\/schema\/logo\/image\/"}}]}},"_links":{"self":[{"href":"https:\/\/eskortegirl.com\/no\/wp-json\/wp\/v2\/product\/380276","targetHints":{"allow":["GET"]}}],"collection":[{"href":"https:\/\/eskortegirl.com\/no\/wp-json\/wp\/v2\/product"}],"about":[{"href":"https:\/\/eskortegirl.com\/no\/wp-json\/wp\/v2\/types\/product"}],"wp:featuredmedia":[{"embeddable":true,"href":"https:\/\/eskortegirl.com\/no\/wp-json\/wp\/v2\/media\/12384282"}],"wp:attachment":[{"href":"https:\/\/eskortegirl.com\/no\/wp-json\/wp\/v2\/media?parent=380276"}],"wp:term":[{"taxonomy":"product_brand","embeddable":true,"href":"https:\/\/eskortegirl.com\/no\/wp-json\/wp\/v2\/product_brand?post=380276"},{"taxonomy":"product_cat","embeddable":true,"href":"https:\/\/eskortegirl.com\/no\/wp-json\/wp\/v2\/product_cat?post=380276"},{"taxonomy":"product_tag","embeddable":true,"href":"https:\/\/eskortegirl.com\/no\/wp-json\/wp\/v2\/product_tag?post=380276"}],"curies":[{"name":"wp","href":"https:\/\/api.w.org\/{rel}","templated":true}]}}