{"id":380112,"date":"1970-01-01T00:00:00","date_gmt":"1970-01-01T00:00:00","guid":{"rendered":"https:\/\/eskortegirl.com\/escort-girl\/duogjeg69-380112\/"},"modified":"2024-05-14T08:33:16","modified_gmt":"2024-05-14T08:33:16","slug":"duogjeg69-380112","status":"publish","type":"product","link":"https:\/\/eskortegirl.com\/no\/eskorte-jente\/duogjeg69-380112\/","title":{"rendered":"duogjeg69"},"content":{"rendered":"<p>Om du ogs\u00e5 er en av de som har opplevd \"t\u00f8rke\" i covid perioden er vi to, N\u00e5 som ting er litt mer normalt igjen er det p\u00e5 tiden \u00e5 f\u00e5 litt fart p\u00e5 sakene syntes jeg s\u00e5 derfor pr\u00f8ver jeg \u00e5 finne en mann her, Jeg er ikke s\u00e5 opptatt av din alder eller sivilstatus s\u00e5 lenge du ogs\u00e5 er klar for litt action \ud83d\ude09\ud83d\ude09<\/p>","protected":false},"excerpt":{"rendered":"<p>Om du ogs\u00e5 er en av de som har opplevd &#8220;t\u00f8rke&#8221; i covid perioden er vi to, N\u00e5 som ting er litt mer normalt igjen er det p\u00e5 tiden \u00e5 f\u00e5 litt fart p\u00e5 sakene syntes jeg s\u00e5 derfor pr\u00f8ver jeg \u00e5 finne en mann her, Jeg er ikke s\u00e5 opptatt av din alder eller &hellip; <a href=\"https:\/\/eskortegirl.com\/no\/eskorte-jente\/duogjeg69-380112\/\" class=\"more-link\">Continue reading <span class=\"screen-reader-text\">duogjeg69<\/span><\/a><\/p>","protected":false},"featured_media":12384575,"template":"","meta":[],"product_brand":[],"product_cat":[928],"product_tag":[940,1154,939,1155,938,1150,1151,1159,932,942,931,1158,935,943,1148,937,1153,941,933,1152,1149,934,1156,1157],"class_list":{"0":"post-380112","1":"product","2":"type-product","3":"status-publish","4":"has-post-thumbnail","6":"product_cat-oslo-escorts","7":"product_tag-asian-escorts","8":"product_tag-dating-norway","9":"product_tag-eskorte","10":"product_tag-eskortegirl","11":"product_tag-eskortejenter","12":"product_tag-euro-girl-escort","13":"product_tag-euro-girls","14":"product_tag-hook-ups","15":"product_tag-makentid","16":"product_tag-milf-escort","17":"product_tag-nakenprat","18":"product_tag-nordic-girls","19":"product_tag-norske-nudes","20":"product_tag-norway-escorts","21":"product_tag-norway-girls","22":"product_tag-norwegian-onlyfans","23":"product_tag-oslo-girls","24":"product_tag-realescort-eu","25":"product_tag-realescorte","26":"product_tag-sex-norway","27":"product_tag-sugar-daddy","28":"product_tag-sugardaters","29":"product_tag-tinder-norway","30":"product_tag-tinder-oslo","31":"pa_enjoys-escorts-girls-who-enjoy-jerk-off-instructions","32":"pa_enjoys-escort-girls-who-enjoy-masturbation","33":"pa_enjoys-escort-girls-who-enjoy-missionary","34":"pa_enjoys-escort-girls-who-enjoy-reverse-cowgirl","35":"pa_enjoys-escort-girls-who-enjoy-sex-toys","36":"pa_enjoys-escort-girls-who-like-oral-sex","37":"pa_enjoys-escort-girls-who-like-role-play","38":"pa_enjoys-escort-girls-who-enjoy-lingerie","39":"pa_enjoys-escorts-who-enjoy-cybersex","40":"pa_enjoys-escorts-who-enjoy-doggy-style","41":"pa_enjoys-escorts-who-enjoy-squirting","42":"pa_enjoys-escorts-who-enjoy-swallow","43":"pa_enjoys-escorts-who-like-cowgirl","44":"pa_enjoys-escorts-who-like-dildo","45":"pa_enjoys-escorts-who-like-edging","46":"pa_enjoys-escorts-who-like-facials","47":"pa_enjoys-escorts-who-like-or-enjoy-69","48":"pa_enjoys-escorts-who-like-or-enjoy-blowjob","49":"pa_enjoys-escorts-who-like-or-enjoy-nylon","50":"pa_enjoys-escorts-who-like-straight-sex","51":"pa_enjoys-escorts-who-like-teasing","53":"first","54":"instock","55":"shipping-taxable","56":"product-type-external"},"yoast_head":"<!-- This site is optimized with the Yoast SEO Premium plugin v22.3 (Yoast SEO v27.3) - https:\/\/yoast.com\/product\/yoast-seo-premium-wordpress\/ -->\n<title>duogjeg69 Norway Escort<\/title>\n<meta name=\"robots\" content=\"index, follow, max-snippet:-1, max-image-preview:large, max-video-preview:-1\" \/>\n<link rel=\"canonical\" href=\"https:\/\/eskortegirl.com\/no\/eskorte-jente\/duogjeg69-380112\/\" \/>\n<meta property=\"og:locale\" content=\"nb_NO\" \/>\n<meta property=\"og:type\" content=\"article\" \/>\n<meta property=\"og:title\" content=\"duogjeg69\" \/>\n<meta property=\"og:description\" content=\"Om du ogs\u00e5 er en av de som har opplevd &#8220;t\u00f8rke&#8221; i covid perioden er vi to, N\u00e5 som ting er litt mer normalt igjen er det p\u00e5 tiden \u00e5 f\u00e5 litt fart p\u00e5 sakene syntes jeg s\u00e5 derfor pr\u00f8ver jeg \u00e5 finne en mann her, Jeg er ikke s\u00e5 opptatt av din alder eller &hellip; Continue reading duogjeg69\" \/>\n<meta property=\"og:url\" content=\"https:\/\/eskortegirl.com\/no\/eskorte-jente\/duogjeg69-380112\/\" \/>\n<meta property=\"og:site_name\" content=\"Eskorte Girl - Finn Eskorte jenter i hele Norge\" \/>\n<meta property=\"article:modified_time\" content=\"2024-05-14T08:33:16+00:00\" \/>\n<meta name=\"twitter:card\" content=\"summary_large_image\" \/>\n<script type=\"application\/ld+json\" class=\"yoast-schema-graph\">{\"@context\":\"https:\\\/\\\/schema.org\",\"@graph\":[{\"@type\":\"WebPage\",\"@id\":\"https:\\\/\\\/eskortegirl.com\\\/escort-girl\\\/duogjeg69-380112\\\/\",\"url\":\"https:\\\/\\\/eskortegirl.com\\\/escort-girl\\\/duogjeg69-380112\\\/\",\"name\":\"duogjeg69 Norway Escort\",\"isPartOf\":{\"@id\":\"https:\\\/\\\/eskortegirl.com\\\/#website\"},\"primaryImageOfPage\":{\"@id\":\"https:\\\/\\\/eskortegirl.com\\\/escort-girl\\\/duogjeg69-380112\\\/#primaryimage\"},\"image\":{\"@id\":\"https:\\\/\\\/eskortegirl.com\\\/escort-girl\\\/duogjeg69-380112\\\/#primaryimage\"},\"thumbnailUrl\":\"https:\\\/\\\/eskortegirl.com\\\/wp-content\\\/uploads\\\/2024\\\/05\\\/380112_50.jpg\",\"datePublished\":\"1970-01-01T00:00:00+00:00\",\"dateModified\":\"2024-05-14T08:33:16+00:00\",\"breadcrumb\":{\"@id\":\"https:\\\/\\\/eskortegirl.com\\\/escort-girl\\\/duogjeg69-380112\\\/#breadcrumb\"},\"inLanguage\":\"nb-NO\",\"potentialAction\":[{\"@type\":\"ReadAction\",\"target\":[\"https:\\\/\\\/eskortegirl.com\\\/escort-girl\\\/duogjeg69-380112\\\/\"]}]},{\"@type\":\"ImageObject\",\"inLanguage\":\"nb-NO\",\"@id\":\"https:\\\/\\\/eskortegirl.com\\\/escort-girl\\\/duogjeg69-380112\\\/#primaryimage\",\"url\":\"https:\\\/\\\/eskortegirl.com\\\/wp-content\\\/uploads\\\/2024\\\/05\\\/380112_50.jpg\",\"contentUrl\":\"https:\\\/\\\/eskortegirl.com\\\/wp-content\\\/uploads\\\/2024\\\/05\\\/380112_50.jpg\",\"caption\":\"duogjeg69\"},{\"@type\":\"BreadcrumbList\",\"@id\":\"https:\\\/\\\/eskortegirl.com\\\/escort-girl\\\/duogjeg69-380112\\\/#breadcrumb\",\"itemListElement\":[{\"@type\":\"ListItem\",\"position\":1,\"name\":\"Home\",\"item\":\"https:\\\/\\\/eskortegirl.com\\\/\"},{\"@type\":\"ListItem\",\"position\":2,\"name\":\"Eskorte Girl &#8211; Finn Eskorte jenter i hele Norge\",\"item\":\"https:\\\/\\\/eskortegirl.com\\\/\"},{\"@type\":\"ListItem\",\"position\":3,\"name\":\"duogjeg69\"}]},{\"@type\":\"WebSite\",\"@id\":\"https:\\\/\\\/eskortegirl.com\\\/#website\",\"url\":\"https:\\\/\\\/eskortegirl.com\\\/\",\"name\":\"Eskortegirl\",\"description\":\"Eskorte Girl - Finn Eskorte jenter i hele Norge\",\"publisher\":{\"@id\":\"https:\\\/\\\/eskortegirl.com\\\/#organization\"},\"alternateName\":\"Escorts\",\"potentialAction\":[{\"@type\":\"SearchAction\",\"target\":{\"@type\":\"EntryPoint\",\"urlTemplate\":\"https:\\\/\\\/eskortegirl.com\\\/?s={search_term_string}\"},\"query-input\":{\"@type\":\"PropertyValueSpecification\",\"valueRequired\":true,\"valueName\":\"search_term_string\"}}],\"inLanguage\":\"nb-NO\"},{\"@type\":\"Organization\",\"@id\":\"https:\\\/\\\/eskortegirl.com\\\/#organization\",\"name\":\"Eskortegirl\",\"url\":\"https:\\\/\\\/eskortegirl.com\\\/\",\"logo\":{\"@type\":\"ImageObject\",\"inLanguage\":\"nb-NO\",\"@id\":\"https:\\\/\\\/eskortegirl.com\\\/#\\\/schema\\\/logo\\\/image\\\/\",\"url\":\"https:\\\/\\\/eskortegirl.com\\\/wp-content\\\/uploads\\\/2023\\\/06\\\/Eskortegirl.png\",\"contentUrl\":\"https:\\\/\\\/eskortegirl.com\\\/wp-content\\\/uploads\\\/2023\\\/06\\\/Eskortegirl.png\",\"width\":240,\"height\":62,\"caption\":\"Eskortegirl\"},\"image\":{\"@id\":\"https:\\\/\\\/eskortegirl.com\\\/#\\\/schema\\\/logo\\\/image\\\/\"}}]}<\/script>\n<!-- \/ Yoast SEO Premium plugin. -->","yoast_head_json":{"title":"duogjeg69 Norge Escort","robots":{"index":"index","follow":"follow","max-snippet":"max-snippet:-1","max-image-preview":"max-image-preview:large","max-video-preview":"max-video-preview:-1"},"canonical":"https:\/\/eskortegirl.com\/no\/eskorte-jente\/duogjeg69-380112\/","og_locale":"nb_NO","og_type":"article","og_title":"duogjeg69","og_description":"Om du ogs\u00e5 er en av de som har opplevd &#8220;t\u00f8rke&#8221; i covid perioden er vi to, N\u00e5 som ting er litt mer normalt igjen er det p\u00e5 tiden \u00e5 f\u00e5 litt fart p\u00e5 sakene syntes jeg s\u00e5 derfor pr\u00f8ver jeg \u00e5 finne en mann her, Jeg er ikke s\u00e5 opptatt av din alder eller &hellip; Continue reading duogjeg69","og_url":"https:\/\/eskortegirl.com\/no\/eskorte-jente\/duogjeg69-380112\/","og_site_name":"Eskorte Girl - Finn Eskorte jenter i hele Norge","article_modified_time":"2024-05-14T08:33:16+00:00","twitter_card":"summary_large_image","schema":{"@context":"https:\/\/schema.org","@graph":[{"@type":"WebPage","@id":"https:\/\/eskortegirl.com\/escort-girl\/duogjeg69-380112\/","url":"https:\/\/eskortegirl.com\/escort-girl\/duogjeg69-380112\/","name":"duogjeg69 Norge Escort","isPartOf":{"@id":"https:\/\/eskortegirl.com\/#website"},"primaryImageOfPage":{"@id":"https:\/\/eskortegirl.com\/escort-girl\/duogjeg69-380112\/#primaryimage"},"image":{"@id":"https:\/\/eskortegirl.com\/escort-girl\/duogjeg69-380112\/#primaryimage"},"thumbnailUrl":"https:\/\/eskortegirl.com\/wp-content\/uploads\/2024\/05\/380112_50.jpg","datePublished":"1970-01-01T00:00:00+00:00","dateModified":"2024-05-14T08:33:16+00:00","breadcrumb":{"@id":"https:\/\/eskortegirl.com\/escort-girl\/duogjeg69-380112\/#breadcrumb"},"inLanguage":"nb-NO","potentialAction":[{"@type":"ReadAction","target":["https:\/\/eskortegirl.com\/escort-girl\/duogjeg69-380112\/"]}]},{"@type":"ImageObject","inLanguage":"nb-NO","@id":"https:\/\/eskortegirl.com\/escort-girl\/duogjeg69-380112\/#primaryimage","url":"https:\/\/eskortegirl.com\/wp-content\/uploads\/2024\/05\/380112_50.jpg","contentUrl":"https:\/\/eskortegirl.com\/wp-content\/uploads\/2024\/05\/380112_50.jpg","caption":"duogjeg69"},{"@type":"BreadcrumbList","@id":"https:\/\/eskortegirl.com\/escort-girl\/duogjeg69-380112\/#breadcrumb","itemListElement":[{"@type":"ListItem","position":1,"name":"Home","item":"https:\/\/eskortegirl.com\/"},{"@type":"ListItem","position":2,"name":"Eskorte Girl &#8211; Finn Eskorte jenter i hele Norge","item":"https:\/\/eskortegirl.com\/"},{"@type":"ListItem","position":3,"name":"duogjeg69"}]},{"@type":"WebSite","@id":"https:\/\/eskortegirl.com\/#website","url":"https:\/\/eskortegirl.com\/","name":"Eskortegirl","description":"Eskorte Girl - Finn Eskorte jenter i hele Norge","publisher":{"@id":"https:\/\/eskortegirl.com\/#organization"},"alternateName":"Escorts","potentialAction":[{"@type":"SearchAction","target":{"@type":"EntryPoint","urlTemplate":"https:\/\/eskortegirl.com\/?s={search_term_string}"},"query-input":{"@type":"PropertyValueSpecification","valueRequired":true,"valueName":"search_term_string"}}],"inLanguage":"nb-NO"},{"@type":"Organization","@id":"https:\/\/eskortegirl.com\/#organization","name":"Eskortegirl","url":"https:\/\/eskortegirl.com\/","logo":{"@type":"ImageObject","inLanguage":"nb-NO","@id":"https:\/\/eskortegirl.com\/#\/schema\/logo\/image\/","url":"https:\/\/eskortegirl.com\/wp-content\/uploads\/2023\/06\/Eskortegirl.png","contentUrl":"https:\/\/eskortegirl.com\/wp-content\/uploads\/2023\/06\/Eskortegirl.png","width":240,"height":62,"caption":"Eskortegirl"},"image":{"@id":"https:\/\/eskortegirl.com\/#\/schema\/logo\/image\/"}}]}},"_links":{"self":[{"href":"https:\/\/eskortegirl.com\/no\/wp-json\/wp\/v2\/product\/380112","targetHints":{"allow":["GET"]}}],"collection":[{"href":"https:\/\/eskortegirl.com\/no\/wp-json\/wp\/v2\/product"}],"about":[{"href":"https:\/\/eskortegirl.com\/no\/wp-json\/wp\/v2\/types\/product"}],"wp:featuredmedia":[{"embeddable":true,"href":"https:\/\/eskortegirl.com\/no\/wp-json\/wp\/v2\/media\/12384575"}],"wp:attachment":[{"href":"https:\/\/eskortegirl.com\/no\/wp-json\/wp\/v2\/media?parent=380112"}],"wp:term":[{"taxonomy":"product_brand","embeddable":true,"href":"https:\/\/eskortegirl.com\/no\/wp-json\/wp\/v2\/product_brand?post=380112"},{"taxonomy":"product_cat","embeddable":true,"href":"https:\/\/eskortegirl.com\/no\/wp-json\/wp\/v2\/product_cat?post=380112"},{"taxonomy":"product_tag","embeddable":true,"href":"https:\/\/eskortegirl.com\/no\/wp-json\/wp\/v2\/product_tag?post=380112"}],"curies":[{"name":"wp","href":"https:\/\/api.w.org\/{rel}","templated":true}]}}