{"id":380055,"date":"2022-04-12T08:45:00","date_gmt":"2022-04-12T08:45:00","guid":{"rendered":"https:\/\/eskortegirl.com\/escort-girl\/dominabitch66-380055\/"},"modified":"2024-05-14T08:33:05","modified_gmt":"2024-05-14T08:33:05","slug":"dominabitch66-380055","status":"publish","type":"product","link":"https:\/\/eskortegirl.com\/no\/eskorte-jente\/dominabitch66-380055\/","title":{"rendered":"DominaBitch66"},"content":{"rendered":"<p>Ser etter slaven min her inne! Du m\u00e5 gj\u00f8re deg klar for en veldig streng dame som skal straffe deg ordentlig? Denne dama her viser ikke n\u00e5de og du skal gj\u00f8re alt som jeg gir beskjed om? Tror du vil takle \u00e5 v\u00e6re min slave? Ta kontakt om du t\u00f8rr!<\/p>","protected":false},"excerpt":{"rendered":"<p>Ser etter slaven min her inne! Du m\u00e5 gj\u00f8re deg klar for en veldig streng dame som skal straffe deg ordentlig? Denne dama her viser ikke n\u00e5de og du skal gj\u00f8re alt som jeg gir beskjed om? Tror du vil takle \u00e5 v\u00e6re min slave? Ta kontakt om du t\u00f8rr!<\/p>","protected":false},"featured_media":12384382,"template":"","meta":[],"product_brand":[],"product_cat":[1198],"product_tag":[940,1154,939,1155,938,1150,1151,1159,932,942,931,1158,935,943,1148,937,1153,941,933,1152,1149,934,1156,1157],"class_list":{"0":"post-380055","1":"product","2":"type-product","3":"status-publish","4":"has-post-thumbnail","6":"product_cat-drammen-escorts-2","7":"product_tag-asian-escorts","8":"product_tag-dating-norway","9":"product_tag-eskorte","10":"product_tag-eskortegirl","11":"product_tag-eskortejenter","12":"product_tag-euro-girl-escort","13":"product_tag-euro-girls","14":"product_tag-hook-ups","15":"product_tag-makentid","16":"product_tag-milf-escort","17":"product_tag-nakenprat","18":"product_tag-nordic-girls","19":"product_tag-norske-nudes","20":"product_tag-norway-escorts","21":"product_tag-norway-girls","22":"product_tag-norwegian-onlyfans","23":"product_tag-oslo-girls","24":"product_tag-realescort-eu","25":"product_tag-realescorte","26":"product_tag-sex-norway","27":"product_tag-sugar-daddy","28":"product_tag-sugardaters","29":"product_tag-tinder-norway","30":"product_tag-tinder-oslo","31":"pa_enjoys-escorts-girls-who-enjoy-experimental","32":"pa_enjoys-escorts-girls-who-enjoy-fisting","33":"pa_enjoys-escorts-who-girls-enjoy-handcuffs","34":"pa_enjoys-escorts-girls-who-enjoy-jerk-off-instructions","35":"pa_enjoys-escort-girls-who-enjoy-latex","36":"pa_enjoys-escort-girls-who-enjoy-masturbation","37":"pa_enjoys-escort-girls-who-enjoy-no-condom","38":"pa_enjoys-escort-girls-who-enjoy-public","39":"pa_enjoys-escort-girls-who-enjoy-sex-toys","40":"pa_enjoys-escort-girls-who-enjoy-spanking","41":"pa_enjoys-escort-girls-who-like-fetish","42":"pa_enjoys-escorts-who-like-footjob","43":"pa_enjoys-escort-girls-who-like-long-foreplay","44":"pa_enjoys-escort-girls-who-like-massage","45":"pa_enjoys-escort-girls-who-like-muscles","46":"pa_enjoys-escort-girls-who-like-oral-sex","47":"pa_enjoys-escort-girls-who-like-role-play","48":"pa_enjoys-escorts-who-enjoy-squirting","49":"pa_enjoys-escorts-who-enjoy-swallow","50":"pa_enjoys-escorts-who-like-bdsm","51":"pa_enjoys-escorts-who-like-butt-plug","52":"pa_enjoys-escorts-who-like-cowgirl","53":"pa_enjoys-escorts-who-like-dildo","54":"pa_enjoys-escorts-who-like-facials","55":"pa_enjoys-escorts-who-like-or-enjoy-69","56":"pa_enjoys-escorts-who-like-or-enjoy-anal","57":"pa_enjoys-escorts-who-like-or-enjoy-big-dick","58":"pa_enjoys-escorts-who-like-or-enjoy-blindfolding","59":"pa_enjoys-escorts-who-like-or-enjoy-blowjob","60":"pa_enjoys-escorts-who-like-or-enjoy-bondage","61":"pa_enjoys-escorts-who-like-strap-on","62":"pa_enjoys-escorts-who-like-teasing","63":"pa_enjoys-escorts-who-like-to-dominate","64":"pa_enjoys-escorts-who-like-uniform","66":"first","67":"instock","68":"shipping-taxable","69":"product-type-external"},"yoast_head":"<!-- This site is optimized with the Yoast SEO Premium plugin v22.3 (Yoast SEO v27.3) - https:\/\/yoast.com\/product\/yoast-seo-premium-wordpress\/ -->\n<title>DominaBitch66 Norway Escort<\/title>\n<meta name=\"robots\" content=\"index, follow, max-snippet:-1, max-image-preview:large, max-video-preview:-1\" \/>\n<link rel=\"canonical\" href=\"https:\/\/eskortegirl.com\/no\/eskorte-jente\/dominabitch66-380055\/\" \/>\n<meta property=\"og:locale\" content=\"nb_NO\" \/>\n<meta property=\"og:type\" content=\"article\" \/>\n<meta property=\"og:title\" content=\"DominaBitch66\" \/>\n<meta property=\"og:description\" content=\"Ser etter slaven min her inne! Du m\u00e5 gj\u00f8re deg klar for en veldig streng dame som skal straffe deg ordentlig ?? Denne dama her viser ikke n\u00e5de og du skal gj\u00f8re alt som jeg gir beskjed om ? Tror du vil takle \u00e5 v\u00e6re min slave? Ta kontakt om du t\u00f8rr!\" \/>\n<meta property=\"og:url\" content=\"https:\/\/eskortegirl.com\/no\/eskorte-jente\/dominabitch66-380055\/\" \/>\n<meta property=\"og:site_name\" content=\"Eskorte Girl - Finn Eskorte jenter i hele Norge\" \/>\n<meta property=\"article:modified_time\" content=\"2024-05-14T08:33:05+00:00\" \/>\n<meta name=\"twitter:card\" content=\"summary_large_image\" \/>\n<script type=\"application\/ld+json\" class=\"yoast-schema-graph\">{\"@context\":\"https:\\\/\\\/schema.org\",\"@graph\":[{\"@type\":\"WebPage\",\"@id\":\"https:\\\/\\\/eskortegirl.com\\\/escort-girl\\\/dominabitch66-380055\\\/\",\"url\":\"https:\\\/\\\/eskortegirl.com\\\/escort-girl\\\/dominabitch66-380055\\\/\",\"name\":\"DominaBitch66 Norway Escort\",\"isPartOf\":{\"@id\":\"https:\\\/\\\/eskortegirl.com\\\/#website\"},\"primaryImageOfPage\":{\"@id\":\"https:\\\/\\\/eskortegirl.com\\\/escort-girl\\\/dominabitch66-380055\\\/#primaryimage\"},\"image\":{\"@id\":\"https:\\\/\\\/eskortegirl.com\\\/escort-girl\\\/dominabitch66-380055\\\/#primaryimage\"},\"thumbnailUrl\":\"https:\\\/\\\/eskortegirl.com\\\/wp-content\\\/uploads\\\/2024\\\/05\\\/380055_50.jpg\",\"datePublished\":\"2022-04-12T08:45:00+00:00\",\"dateModified\":\"2024-05-14T08:33:05+00:00\",\"breadcrumb\":{\"@id\":\"https:\\\/\\\/eskortegirl.com\\\/escort-girl\\\/dominabitch66-380055\\\/#breadcrumb\"},\"inLanguage\":\"nb-NO\",\"potentialAction\":[{\"@type\":\"ReadAction\",\"target\":[\"https:\\\/\\\/eskortegirl.com\\\/escort-girl\\\/dominabitch66-380055\\\/\"]}]},{\"@type\":\"ImageObject\",\"inLanguage\":\"nb-NO\",\"@id\":\"https:\\\/\\\/eskortegirl.com\\\/escort-girl\\\/dominabitch66-380055\\\/#primaryimage\",\"url\":\"https:\\\/\\\/eskortegirl.com\\\/wp-content\\\/uploads\\\/2024\\\/05\\\/380055_50.jpg\",\"contentUrl\":\"https:\\\/\\\/eskortegirl.com\\\/wp-content\\\/uploads\\\/2024\\\/05\\\/380055_50.jpg\",\"caption\":\"DominaBitch66\"},{\"@type\":\"BreadcrumbList\",\"@id\":\"https:\\\/\\\/eskortegirl.com\\\/escort-girl\\\/dominabitch66-380055\\\/#breadcrumb\",\"itemListElement\":[{\"@type\":\"ListItem\",\"position\":1,\"name\":\"Home\",\"item\":\"https:\\\/\\\/eskortegirl.com\\\/\"},{\"@type\":\"ListItem\",\"position\":2,\"name\":\"Eskorte Girl &#8211; Finn Eskorte jenter i hele Norge\",\"item\":\"https:\\\/\\\/eskortegirl.com\\\/\"},{\"@type\":\"ListItem\",\"position\":3,\"name\":\"DominaBitch66\"}]},{\"@type\":\"WebSite\",\"@id\":\"https:\\\/\\\/eskortegirl.com\\\/#website\",\"url\":\"https:\\\/\\\/eskortegirl.com\\\/\",\"name\":\"Eskortegirl\",\"description\":\"Eskorte Girl - Finn Eskorte jenter i hele Norge\",\"publisher\":{\"@id\":\"https:\\\/\\\/eskortegirl.com\\\/#organization\"},\"alternateName\":\"Escorts\",\"potentialAction\":[{\"@type\":\"SearchAction\",\"target\":{\"@type\":\"EntryPoint\",\"urlTemplate\":\"https:\\\/\\\/eskortegirl.com\\\/?s={search_term_string}\"},\"query-input\":{\"@type\":\"PropertyValueSpecification\",\"valueRequired\":true,\"valueName\":\"search_term_string\"}}],\"inLanguage\":\"nb-NO\"},{\"@type\":\"Organization\",\"@id\":\"https:\\\/\\\/eskortegirl.com\\\/#organization\",\"name\":\"Eskortegirl\",\"url\":\"https:\\\/\\\/eskortegirl.com\\\/\",\"logo\":{\"@type\":\"ImageObject\",\"inLanguage\":\"nb-NO\",\"@id\":\"https:\\\/\\\/eskortegirl.com\\\/#\\\/schema\\\/logo\\\/image\\\/\",\"url\":\"https:\\\/\\\/eskortegirl.com\\\/wp-content\\\/uploads\\\/2023\\\/06\\\/Eskortegirl.png\",\"contentUrl\":\"https:\\\/\\\/eskortegirl.com\\\/wp-content\\\/uploads\\\/2023\\\/06\\\/Eskortegirl.png\",\"width\":240,\"height\":62,\"caption\":\"Eskortegirl\"},\"image\":{\"@id\":\"https:\\\/\\\/eskortegirl.com\\\/#\\\/schema\\\/logo\\\/image\\\/\"}}]}<\/script>\n<!-- \/ Yoast SEO Premium plugin. -->","yoast_head_json":{"title":"DominaBitch66 Norge Eskorte","robots":{"index":"index","follow":"follow","max-snippet":"max-snippet:-1","max-image-preview":"max-image-preview:large","max-video-preview":"max-video-preview:-1"},"canonical":"https:\/\/eskortegirl.com\/no\/eskorte-jente\/dominabitch66-380055\/","og_locale":"nb_NO","og_type":"article","og_title":"DominaBitch66","og_description":"Ser etter slaven min her inne! Du m\u00e5 gj\u00f8re deg klar for en veldig streng dame som skal straffe deg ordentlig ?? Denne dama her viser ikke n\u00e5de og du skal gj\u00f8re alt som jeg gir beskjed om ? Tror du vil takle \u00e5 v\u00e6re min slave? Ta kontakt om du t\u00f8rr!","og_url":"https:\/\/eskortegirl.com\/no\/eskorte-jente\/dominabitch66-380055\/","og_site_name":"Eskorte Girl - Finn Eskorte jenter i hele Norge","article_modified_time":"2024-05-14T08:33:05+00:00","twitter_card":"summary_large_image","schema":{"@context":"https:\/\/schema.org","@graph":[{"@type":"WebPage","@id":"https:\/\/eskortegirl.com\/escort-girl\/dominabitch66-380055\/","url":"https:\/\/eskortegirl.com\/escort-girl\/dominabitch66-380055\/","name":"DominaBitch66 Norge Eskorte","isPartOf":{"@id":"https:\/\/eskortegirl.com\/#website"},"primaryImageOfPage":{"@id":"https:\/\/eskortegirl.com\/escort-girl\/dominabitch66-380055\/#primaryimage"},"image":{"@id":"https:\/\/eskortegirl.com\/escort-girl\/dominabitch66-380055\/#primaryimage"},"thumbnailUrl":"https:\/\/eskortegirl.com\/wp-content\/uploads\/2024\/05\/380055_50.jpg","datePublished":"2022-04-12T08:45:00+00:00","dateModified":"2024-05-14T08:33:05+00:00","breadcrumb":{"@id":"https:\/\/eskortegirl.com\/escort-girl\/dominabitch66-380055\/#breadcrumb"},"inLanguage":"nb-NO","potentialAction":[{"@type":"ReadAction","target":["https:\/\/eskortegirl.com\/escort-girl\/dominabitch66-380055\/"]}]},{"@type":"ImageObject","inLanguage":"nb-NO","@id":"https:\/\/eskortegirl.com\/escort-girl\/dominabitch66-380055\/#primaryimage","url":"https:\/\/eskortegirl.com\/wp-content\/uploads\/2024\/05\/380055_50.jpg","contentUrl":"https:\/\/eskortegirl.com\/wp-content\/uploads\/2024\/05\/380055_50.jpg","caption":"DominaBitch66"},{"@type":"BreadcrumbList","@id":"https:\/\/eskortegirl.com\/escort-girl\/dominabitch66-380055\/#breadcrumb","itemListElement":[{"@type":"ListItem","position":1,"name":"Home","item":"https:\/\/eskortegirl.com\/"},{"@type":"ListItem","position":2,"name":"Eskorte Girl &#8211; Finn Eskorte jenter i hele Norge","item":"https:\/\/eskortegirl.com\/"},{"@type":"ListItem","position":3,"name":"DominaBitch66"}]},{"@type":"WebSite","@id":"https:\/\/eskortegirl.com\/#website","url":"https:\/\/eskortegirl.com\/","name":"Eskortegirl","description":"Eskorte Girl - Finn Eskorte jenter i hele Norge","publisher":{"@id":"https:\/\/eskortegirl.com\/#organization"},"alternateName":"Escorts","potentialAction":[{"@type":"SearchAction","target":{"@type":"EntryPoint","urlTemplate":"https:\/\/eskortegirl.com\/?s={search_term_string}"},"query-input":{"@type":"PropertyValueSpecification","valueRequired":true,"valueName":"search_term_string"}}],"inLanguage":"nb-NO"},{"@type":"Organization","@id":"https:\/\/eskortegirl.com\/#organization","name":"Eskortegirl","url":"https:\/\/eskortegirl.com\/","logo":{"@type":"ImageObject","inLanguage":"nb-NO","@id":"https:\/\/eskortegirl.com\/#\/schema\/logo\/image\/","url":"https:\/\/eskortegirl.com\/wp-content\/uploads\/2023\/06\/Eskortegirl.png","contentUrl":"https:\/\/eskortegirl.com\/wp-content\/uploads\/2023\/06\/Eskortegirl.png","width":240,"height":62,"caption":"Eskortegirl"},"image":{"@id":"https:\/\/eskortegirl.com\/#\/schema\/logo\/image\/"}}]}},"_links":{"self":[{"href":"https:\/\/eskortegirl.com\/no\/wp-json\/wp\/v2\/product\/380055","targetHints":{"allow":["GET"]}}],"collection":[{"href":"https:\/\/eskortegirl.com\/no\/wp-json\/wp\/v2\/product"}],"about":[{"href":"https:\/\/eskortegirl.com\/no\/wp-json\/wp\/v2\/types\/product"}],"wp:featuredmedia":[{"embeddable":true,"href":"https:\/\/eskortegirl.com\/no\/wp-json\/wp\/v2\/media\/12384382"}],"wp:attachment":[{"href":"https:\/\/eskortegirl.com\/no\/wp-json\/wp\/v2\/media?parent=380055"}],"wp:term":[{"taxonomy":"product_brand","embeddable":true,"href":"https:\/\/eskortegirl.com\/no\/wp-json\/wp\/v2\/product_brand?post=380055"},{"taxonomy":"product_cat","embeddable":true,"href":"https:\/\/eskortegirl.com\/no\/wp-json\/wp\/v2\/product_cat?post=380055"},{"taxonomy":"product_tag","embeddable":true,"href":"https:\/\/eskortegirl.com\/no\/wp-json\/wp\/v2\/product_tag?post=380055"}],"curies":[{"name":"wp","href":"https:\/\/api.w.org\/{rel}","templated":true}]}}