{"id":379995,"date":"2022-05-10T08:45:00","date_gmt":"2022-05-10T08:45:00","guid":{"rendered":"https:\/\/eskortegirl.com\/escort-girl\/mixedbreed-379995\/"},"modified":"2024-05-14T08:36:26","modified_gmt":"2024-05-14T08:36:26","slug":"blandet-rase-379995","status":"publish","type":"product","link":"https:\/\/eskortegirl.com\/no\/eskorte-jente\/blandet-rase-379995\/","title":{"rendered":"Blandet rase"},"content":{"rendered":"<p>Nysingel og klar for \u00e5 leve livet litt igjen. \ud83d\ude42 Ser f\u00f8rst og fremst etter noe som er helt uforpliktende her inne. H\u00e5per \u00e5 treffe deg som har litt de samme interessene som meg.<\/p>","protected":false},"excerpt":{"rendered":"<p>Nysingel og klar for \u00e5 leve livet litt igjen. \ud83d\ude42 Ser f\u00f8rst og fremst etter noe som er helt uforpliktende her inne. H\u00e5per \u00e5 treffe deg som har litt de samme interessene som meg.<\/p>","protected":false},"featured_media":12387409,"template":"","meta":[],"product_brand":[],"product_cat":[1126],"product_tag":[940,1154,939,1155,938,1150,1151,1159,932,942,931,1158,935,943,1148,937,1153,941,933,1152,1149,934,1156,1157],"class_list":{"0":"post-379995","1":"product","2":"type-product","3":"status-publish","4":"has-post-thumbnail","6":"product_cat-trondheim-escorts","7":"product_tag-asian-escorts","8":"product_tag-dating-norway","9":"product_tag-eskorte","10":"product_tag-eskortegirl","11":"product_tag-eskortejenter","12":"product_tag-euro-girl-escort","13":"product_tag-euro-girls","14":"product_tag-hook-ups","15":"product_tag-makentid","16":"product_tag-milf-escort","17":"product_tag-nakenprat","18":"product_tag-nordic-girls","19":"product_tag-norske-nudes","20":"product_tag-norway-escorts","21":"product_tag-norway-girls","22":"product_tag-norwegian-onlyfans","23":"product_tag-oslo-girls","24":"product_tag-realescort-eu","25":"product_tag-realescorte","26":"product_tag-sex-norway","27":"product_tag-sugar-daddy","28":"product_tag-sugardaters","29":"product_tag-tinder-norway","30":"product_tag-tinder-oslo","31":"pa_enjoys-escorts-girls-who-enjoy-experimental","32":"pa_enjoys-escort-girls-who-enjoy-public","33":"pa_enjoys-escort-girls-who-like-oral-sex","34":"pa_enjoys-escort-girls-who-like-role-play","35":"pa_enjoys-escorts-who-enjoy-deepthroat","36":"pa_enjoys-escorts-who-enjoy-doggy-style","37":"pa_enjoys-escorts-who-enjoy-squirting","38":"pa_enjoys-escorts-who-like-or-enjoy-69","39":"pa_enjoys-escorts-who-like-or-enjoy-anal","40":"pa_enjoys-escorts-who-like-or-enjoy-being-dominated","41":"pa_enjoys-escorts-who-like-or-enjoy-blindfolding","42":"pa_enjoys-escorts-who-like-or-enjoy-blowjob","43":"pa_enjoys-escorts-who-like-rimming","45":"first","46":"instock","47":"shipping-taxable","48":"product-type-external"},"yoast_head":"<!-- This site is optimized with the Yoast SEO Premium plugin v22.3 (Yoast SEO v27.3) - https:\/\/yoast.com\/product\/yoast-seo-premium-wordpress\/ -->\n<title>MixedBreed Norway Escort<\/title>\n<meta name=\"robots\" content=\"index, follow, max-snippet:-1, max-image-preview:large, max-video-preview:-1\" \/>\n<link rel=\"canonical\" href=\"https:\/\/eskortegirl.com\/no\/eskorte-jente\/blandet-rase-379995\/\" \/>\n<meta property=\"og:locale\" content=\"nb_NO\" \/>\n<meta property=\"og:type\" content=\"article\" \/>\n<meta property=\"og:title\" content=\"MixedBreed\" \/>\n<meta property=\"og:description\" content=\"Nysingel og klar for \u00e5 leve livet litt igjen. \ud83d\ude42 Ser f\u00f8rst og fremst etter noe som er helt uforpliktende her inne. H\u00e5per \u00e5 treffe deg som har litt de samme interessene som meg.\" \/>\n<meta property=\"og:url\" content=\"https:\/\/eskortegirl.com\/no\/eskorte-jente\/blandet-rase-379995\/\" \/>\n<meta property=\"og:site_name\" content=\"Eskorte Girl - Finn Eskorte jenter i hele Norge\" \/>\n<meta property=\"article:modified_time\" content=\"2024-05-14T08:36:26+00:00\" \/>\n<meta name=\"twitter:card\" content=\"summary_large_image\" \/>\n<script type=\"application\/ld+json\" class=\"yoast-schema-graph\">{\"@context\":\"https:\\\/\\\/schema.org\",\"@graph\":[{\"@type\":\"WebPage\",\"@id\":\"https:\\\/\\\/eskortegirl.com\\\/escort-girl\\\/mixedbreed-379995\\\/\",\"url\":\"https:\\\/\\\/eskortegirl.com\\\/escort-girl\\\/mixedbreed-379995\\\/\",\"name\":\"MixedBreed Norway Escort\",\"isPartOf\":{\"@id\":\"https:\\\/\\\/eskortegirl.com\\\/#website\"},\"primaryImageOfPage\":{\"@id\":\"https:\\\/\\\/eskortegirl.com\\\/escort-girl\\\/mixedbreed-379995\\\/#primaryimage\"},\"image\":{\"@id\":\"https:\\\/\\\/eskortegirl.com\\\/escort-girl\\\/mixedbreed-379995\\\/#primaryimage\"},\"thumbnailUrl\":\"https:\\\/\\\/eskortegirl.com\\\/wp-content\\\/uploads\\\/2024\\\/05\\\/379995_50.jpg\",\"datePublished\":\"2022-05-10T08:45:00+00:00\",\"dateModified\":\"2024-05-14T08:36:26+00:00\",\"breadcrumb\":{\"@id\":\"https:\\\/\\\/eskortegirl.com\\\/escort-girl\\\/mixedbreed-379995\\\/#breadcrumb\"},\"inLanguage\":\"nb-NO\",\"potentialAction\":[{\"@type\":\"ReadAction\",\"target\":[\"https:\\\/\\\/eskortegirl.com\\\/escort-girl\\\/mixedbreed-379995\\\/\"]}]},{\"@type\":\"ImageObject\",\"inLanguage\":\"nb-NO\",\"@id\":\"https:\\\/\\\/eskortegirl.com\\\/escort-girl\\\/mixedbreed-379995\\\/#primaryimage\",\"url\":\"https:\\\/\\\/eskortegirl.com\\\/wp-content\\\/uploads\\\/2024\\\/05\\\/379995_50.jpg\",\"contentUrl\":\"https:\\\/\\\/eskortegirl.com\\\/wp-content\\\/uploads\\\/2024\\\/05\\\/379995_50.jpg\",\"caption\":\"MixedBreed\"},{\"@type\":\"BreadcrumbList\",\"@id\":\"https:\\\/\\\/eskortegirl.com\\\/escort-girl\\\/mixedbreed-379995\\\/#breadcrumb\",\"itemListElement\":[{\"@type\":\"ListItem\",\"position\":1,\"name\":\"Home\",\"item\":\"https:\\\/\\\/eskortegirl.com\\\/\"},{\"@type\":\"ListItem\",\"position\":2,\"name\":\"Eskorte Girl &#8211; Finn Eskorte jenter i hele Norge\",\"item\":\"https:\\\/\\\/eskortegirl.com\\\/\"},{\"@type\":\"ListItem\",\"position\":3,\"name\":\"MixedBreed\"}]},{\"@type\":\"WebSite\",\"@id\":\"https:\\\/\\\/eskortegirl.com\\\/#website\",\"url\":\"https:\\\/\\\/eskortegirl.com\\\/\",\"name\":\"Eskortegirl\",\"description\":\"Eskorte Girl - Finn Eskorte jenter i hele Norge\",\"publisher\":{\"@id\":\"https:\\\/\\\/eskortegirl.com\\\/#organization\"},\"alternateName\":\"Escorts\",\"potentialAction\":[{\"@type\":\"SearchAction\",\"target\":{\"@type\":\"EntryPoint\",\"urlTemplate\":\"https:\\\/\\\/eskortegirl.com\\\/?s={search_term_string}\"},\"query-input\":{\"@type\":\"PropertyValueSpecification\",\"valueRequired\":true,\"valueName\":\"search_term_string\"}}],\"inLanguage\":\"nb-NO\"},{\"@type\":\"Organization\",\"@id\":\"https:\\\/\\\/eskortegirl.com\\\/#organization\",\"name\":\"Eskortegirl\",\"url\":\"https:\\\/\\\/eskortegirl.com\\\/\",\"logo\":{\"@type\":\"ImageObject\",\"inLanguage\":\"nb-NO\",\"@id\":\"https:\\\/\\\/eskortegirl.com\\\/#\\\/schema\\\/logo\\\/image\\\/\",\"url\":\"https:\\\/\\\/eskortegirl.com\\\/wp-content\\\/uploads\\\/2023\\\/06\\\/Eskortegirl.png\",\"contentUrl\":\"https:\\\/\\\/eskortegirl.com\\\/wp-content\\\/uploads\\\/2023\\\/06\\\/Eskortegirl.png\",\"width\":240,\"height\":62,\"caption\":\"Eskortegirl\"},\"image\":{\"@id\":\"https:\\\/\\\/eskortegirl.com\\\/#\\\/schema\\\/logo\\\/image\\\/\"}}]}<\/script>\n<!-- \/ Yoast SEO Premium plugin. -->","yoast_head_json":{"title":"MixedBreed Norge Escort","robots":{"index":"index","follow":"follow","max-snippet":"max-snippet:-1","max-image-preview":"max-image-preview:large","max-video-preview":"max-video-preview:-1"},"canonical":"https:\/\/eskortegirl.com\/no\/eskorte-jente\/blandet-rase-379995\/","og_locale":"nb_NO","og_type":"article","og_title":"MixedBreed","og_description":"Nysingel og klar for \u00e5 leve livet litt igjen. \ud83d\ude42 Ser f\u00f8rst og fremst etter noe som er helt uforpliktende her inne. H\u00e5per \u00e5 treffe deg som har litt de samme interessene som meg.","og_url":"https:\/\/eskortegirl.com\/no\/eskorte-jente\/blandet-rase-379995\/","og_site_name":"Eskorte Girl - Finn Eskorte jenter i hele Norge","article_modified_time":"2024-05-14T08:36:26+00:00","twitter_card":"summary_large_image","schema":{"@context":"https:\/\/schema.org","@graph":[{"@type":"WebPage","@id":"https:\/\/eskortegirl.com\/escort-girl\/mixedbreed-379995\/","url":"https:\/\/eskortegirl.com\/escort-girl\/mixedbreed-379995\/","name":"MixedBreed Norge Escort","isPartOf":{"@id":"https:\/\/eskortegirl.com\/#website"},"primaryImageOfPage":{"@id":"https:\/\/eskortegirl.com\/escort-girl\/mixedbreed-379995\/#primaryimage"},"image":{"@id":"https:\/\/eskortegirl.com\/escort-girl\/mixedbreed-379995\/#primaryimage"},"thumbnailUrl":"https:\/\/eskortegirl.com\/wp-content\/uploads\/2024\/05\/379995_50.jpg","datePublished":"2022-05-10T08:45:00+00:00","dateModified":"2024-05-14T08:36:26+00:00","breadcrumb":{"@id":"https:\/\/eskortegirl.com\/escort-girl\/mixedbreed-379995\/#breadcrumb"},"inLanguage":"nb-NO","potentialAction":[{"@type":"ReadAction","target":["https:\/\/eskortegirl.com\/escort-girl\/mixedbreed-379995\/"]}]},{"@type":"ImageObject","inLanguage":"nb-NO","@id":"https:\/\/eskortegirl.com\/escort-girl\/mixedbreed-379995\/#primaryimage","url":"https:\/\/eskortegirl.com\/wp-content\/uploads\/2024\/05\/379995_50.jpg","contentUrl":"https:\/\/eskortegirl.com\/wp-content\/uploads\/2024\/05\/379995_50.jpg","caption":"MixedBreed"},{"@type":"BreadcrumbList","@id":"https:\/\/eskortegirl.com\/escort-girl\/mixedbreed-379995\/#breadcrumb","itemListElement":[{"@type":"ListItem","position":1,"name":"Home","item":"https:\/\/eskortegirl.com\/"},{"@type":"ListItem","position":2,"name":"Eskorte Girl &#8211; Finn Eskorte jenter i hele Norge","item":"https:\/\/eskortegirl.com\/"},{"@type":"ListItem","position":3,"name":"MixedBreed"}]},{"@type":"WebSite","@id":"https:\/\/eskortegirl.com\/#website","url":"https:\/\/eskortegirl.com\/","name":"Eskortegirl","description":"Eskorte Girl - Finn Eskorte jenter i hele Norge","publisher":{"@id":"https:\/\/eskortegirl.com\/#organization"},"alternateName":"Escorts","potentialAction":[{"@type":"SearchAction","target":{"@type":"EntryPoint","urlTemplate":"https:\/\/eskortegirl.com\/?s={search_term_string}"},"query-input":{"@type":"PropertyValueSpecification","valueRequired":true,"valueName":"search_term_string"}}],"inLanguage":"nb-NO"},{"@type":"Organization","@id":"https:\/\/eskortegirl.com\/#organization","name":"Eskortegirl","url":"https:\/\/eskortegirl.com\/","logo":{"@type":"ImageObject","inLanguage":"nb-NO","@id":"https:\/\/eskortegirl.com\/#\/schema\/logo\/image\/","url":"https:\/\/eskortegirl.com\/wp-content\/uploads\/2023\/06\/Eskortegirl.png","contentUrl":"https:\/\/eskortegirl.com\/wp-content\/uploads\/2023\/06\/Eskortegirl.png","width":240,"height":62,"caption":"Eskortegirl"},"image":{"@id":"https:\/\/eskortegirl.com\/#\/schema\/logo\/image\/"}}]}},"_links":{"self":[{"href":"https:\/\/eskortegirl.com\/no\/wp-json\/wp\/v2\/product\/379995","targetHints":{"allow":["GET"]}}],"collection":[{"href":"https:\/\/eskortegirl.com\/no\/wp-json\/wp\/v2\/product"}],"about":[{"href":"https:\/\/eskortegirl.com\/no\/wp-json\/wp\/v2\/types\/product"}],"wp:featuredmedia":[{"embeddable":true,"href":"https:\/\/eskortegirl.com\/no\/wp-json\/wp\/v2\/media\/12387409"}],"wp:attachment":[{"href":"https:\/\/eskortegirl.com\/no\/wp-json\/wp\/v2\/media?parent=379995"}],"wp:term":[{"taxonomy":"product_brand","embeddable":true,"href":"https:\/\/eskortegirl.com\/no\/wp-json\/wp\/v2\/product_brand?post=379995"},{"taxonomy":"product_cat","embeddable":true,"href":"https:\/\/eskortegirl.com\/no\/wp-json\/wp\/v2\/product_cat?post=379995"},{"taxonomy":"product_tag","embeddable":true,"href":"https:\/\/eskortegirl.com\/no\/wp-json\/wp\/v2\/product_tag?post=379995"}],"curies":[{"name":"wp","href":"https:\/\/api.w.org\/{rel}","templated":true}]}}