{"id":379951,"date":"1970-01-01T00:00:00","date_gmt":"1970-01-01T00:00:00","guid":{"rendered":"https:\/\/eskortegirl.com\/escort-girl\/lissibergen-379951\/"},"modified":"2024-05-14T08:22:18","modified_gmt":"2024-05-14T08:22:18","slug":"lissibergen-379951","status":"publish","type":"product","link":"https:\/\/eskortegirl.com\/no\/eskorte-jente\/lissibergen-379951\/","title":{"rendered":"Lissibergen"},"content":{"rendered":"<p>Hei alle sammen. Jeg er en singel jente fra Bergen. Jeg er \u00e6rlig og loyal, og har ogs\u00e5 sans for humor. Liker \u00e5 kose masse om jeg har kj\u00e6reste. H\u00e5per \u00e5 m\u00f8te en kjekk mann, som er loyal og \u00e6rlig som meg, og ferdig med tidligere forhold. Fint om du bor i n\u00e6rheten. Liker menn som er litt eldre enn meg. Ble du ikke litt nysgjerrig?<\/p>","protected":false},"excerpt":{"rendered":"<p>Hei alle sammen. Jeg er en singel jente fra Bergen. Jeg er \u00e6rlig og loyal, og har ogs\u00e5 sans for humor. Liker \u00e5 kose masse om jeg har kj\u00e6reste. H\u00e5per \u00e5 m\u00f8te en kjekk mann, som er loyal og \u00e6rlig som meg, og ferdig med tidligere forhold. Fint om du bor i n\u00e6rheten. Liker menn &hellip; <a href=\"https:\/\/eskortegirl.com\/no\/eskorte-jente\/lissibergen-379951\/\" class=\"more-link\">Continue reading <span class=\"screen-reader-text\">Lissibergen<\/span><\/a><\/p>","protected":false},"featured_media":12375012,"template":"","meta":[],"product_brand":[],"product_cat":[963],"product_tag":[940,1154,939,1155,938,1150,1151,1159,932,942,931,1158,935,943,1148,937,1153,941,933,1152,1149,934,1156,1157],"class_list":{"0":"post-379951","1":"product","2":"type-product","3":"status-publish","4":"has-post-thumbnail","6":"product_cat-bergen-escorts","7":"product_tag-asian-escorts","8":"product_tag-dating-norway","9":"product_tag-eskorte","10":"product_tag-eskortegirl","11":"product_tag-eskortejenter","12":"product_tag-euro-girl-escort","13":"product_tag-euro-girls","14":"product_tag-hook-ups","15":"product_tag-makentid","16":"product_tag-milf-escort","17":"product_tag-nakenprat","18":"product_tag-nordic-girls","19":"product_tag-norske-nudes","20":"product_tag-norway-escorts","21":"product_tag-norway-girls","22":"product_tag-norwegian-onlyfans","23":"product_tag-oslo-girls","24":"product_tag-realescort-eu","25":"product_tag-realescorte","26":"product_tag-sex-norway","27":"product_tag-sugar-daddy","28":"product_tag-sugardaters","29":"product_tag-tinder-norway","30":"product_tag-tinder-oslo","31":"pa_enjoys-escort-girls-who-enjoy-panties","32":"pa_enjoys-escort-girls-who-enjoy-reverse-cowgirl","33":"pa_enjoys-escort-girls-who-like-long-foreplay","34":"pa_enjoys-escort-girls-who-like-massage","35":"pa_enjoys-escort-girls-who-like-romantic","36":"pa_enjoys-escort-girls-who-like-shaved","37":"pa_enjoys-escort-girls-who-enjoy-lingerie","38":"pa_enjoys-escorts-who-enjoy-creampie","39":"pa_enjoys-escorts-who-enjoy-doggy-style","40":"pa_enjoys-escorts-who-like-cowgirl","41":"pa_enjoys-escorts-who-like-or-enjoy-69","42":"pa_enjoys-escorts-who-like-or-enjoy-big-tits","43":"pa_enjoys-escorts-who-like-straight-sex","44":"pa_enjoys-escorts-who-like-teasing","45":"pa_enjoys-natural-breasts-escort-girls","47":"first","48":"instock","49":"shipping-taxable","50":"product-type-external"},"yoast_head":"<!-- This site is optimized with the Yoast SEO Premium plugin v22.3 (Yoast SEO v27.0) - https:\/\/yoast.com\/product\/yoast-seo-premium-wordpress\/ -->\n<title>Lissibergen Norway Escort<\/title>\n<meta name=\"robots\" content=\"index, follow, max-snippet:-1, max-image-preview:large, max-video-preview:-1\" \/>\n<link rel=\"canonical\" href=\"https:\/\/eskortegirl.com\/no\/eskorte-jente\/lissibergen-379951\/\" \/>\n<meta property=\"og:locale\" content=\"nb_NO\" \/>\n<meta property=\"og:type\" content=\"article\" \/>\n<meta property=\"og:title\" content=\"Lissibergen\" \/>\n<meta property=\"og:description\" content=\"Hei alle sammen. Jeg er en singel jente fra Bergen. Jeg er \u00e6rlig og loyal, og har ogs\u00e5 sans for humor. Liker \u00e5 kose masse om jeg har kj\u00e6reste. H\u00e5per \u00e5 m\u00f8te en kjekk mann, som er loyal og \u00e6rlig som meg, og ferdig med tidligere forhold. Fint om du bor i n\u00e6rheten. Liker menn &hellip; Continue reading Lissibergen\" \/>\n<meta property=\"og:url\" content=\"https:\/\/eskortegirl.com\/no\/eskorte-jente\/lissibergen-379951\/\" \/>\n<meta property=\"og:site_name\" content=\"Eskorte Girl - Finn Eskorte jenter i hele Norge\" \/>\n<meta property=\"article:modified_time\" content=\"2024-05-14T08:22:18+00:00\" \/>\n<meta name=\"twitter:card\" content=\"summary_large_image\" \/>\n<script type=\"application\/ld+json\" class=\"yoast-schema-graph\">{\"@context\":\"https:\/\/schema.org\",\"@graph\":[{\"@type\":\"WebPage\",\"@id\":\"https:\/\/eskortegirl.com\/escort-girl\/lissibergen-379951\/\",\"url\":\"https:\/\/eskortegirl.com\/escort-girl\/lissibergen-379951\/\",\"name\":\"Lissibergen Norway Escort\",\"isPartOf\":{\"@id\":\"https:\/\/eskortegirl.com\/#website\"},\"primaryImageOfPage\":{\"@id\":\"https:\/\/eskortegirl.com\/escort-girl\/lissibergen-379951\/#primaryimage\"},\"image\":{\"@id\":\"https:\/\/eskortegirl.com\/escort-girl\/lissibergen-379951\/#primaryimage\"},\"thumbnailUrl\":\"https:\/\/eskortegirl.com\/wp-content\/uploads\/2024\/05\/379951_50.jpg\",\"datePublished\":\"1970-01-01T00:00:00+00:00\",\"dateModified\":\"2024-05-14T08:22:18+00:00\",\"breadcrumb\":{\"@id\":\"https:\/\/eskortegirl.com\/escort-girl\/lissibergen-379951\/#breadcrumb\"},\"inLanguage\":\"nb-NO\",\"potentialAction\":[{\"@type\":\"ReadAction\",\"target\":[\"https:\/\/eskortegirl.com\/escort-girl\/lissibergen-379951\/\"]}]},{\"@type\":\"ImageObject\",\"inLanguage\":\"nb-NO\",\"@id\":\"https:\/\/eskortegirl.com\/escort-girl\/lissibergen-379951\/#primaryimage\",\"url\":\"https:\/\/eskortegirl.com\/wp-content\/uploads\/2024\/05\/379951_50.jpg\",\"contentUrl\":\"https:\/\/eskortegirl.com\/wp-content\/uploads\/2024\/05\/379951_50.jpg\",\"caption\":\"Lissibergen\"},{\"@type\":\"BreadcrumbList\",\"@id\":\"https:\/\/eskortegirl.com\/escort-girl\/lissibergen-379951\/#breadcrumb\",\"itemListElement\":[{\"@type\":\"ListItem\",\"position\":1,\"name\":\"Home\",\"item\":\"https:\/\/eskortegirl.com\/\"},{\"@type\":\"ListItem\",\"position\":2,\"name\":\"Eskorte Girl &#8211; Finn Eskorte jenter i hele Norge\",\"item\":\"https:\/\/eskortegirl.com\/\"},{\"@type\":\"ListItem\",\"position\":3,\"name\":\"Lissibergen\"}]},{\"@type\":\"WebSite\",\"@id\":\"https:\/\/eskortegirl.com\/#website\",\"url\":\"https:\/\/eskortegirl.com\/\",\"name\":\"Eskortegirl\",\"description\":\"Eskorte Girl - Finn Eskorte jenter i hele Norge\",\"publisher\":{\"@id\":\"https:\/\/eskortegirl.com\/#organization\"},\"alternateName\":\"Escorts\",\"potentialAction\":[{\"@type\":\"SearchAction\",\"target\":{\"@type\":\"EntryPoint\",\"urlTemplate\":\"https:\/\/eskortegirl.com\/?s={search_term_string}\"},\"query-input\":{\"@type\":\"PropertyValueSpecification\",\"valueRequired\":true,\"valueName\":\"search_term_string\"}}],\"inLanguage\":\"nb-NO\"},{\"@type\":\"Organization\",\"@id\":\"https:\/\/eskortegirl.com\/#organization\",\"name\":\"Eskortegirl\",\"url\":\"https:\/\/eskortegirl.com\/\",\"logo\":{\"@type\":\"ImageObject\",\"inLanguage\":\"nb-NO\",\"@id\":\"https:\/\/eskortegirl.com\/#\/schema\/logo\/image\/\",\"url\":\"https:\/\/eskortegirl.com\/wp-content\/uploads\/2023\/06\/Eskortegirl.png\",\"contentUrl\":\"https:\/\/eskortegirl.com\/wp-content\/uploads\/2023\/06\/Eskortegirl.png\",\"width\":240,\"height\":62,\"caption\":\"Eskortegirl\"},\"image\":{\"@id\":\"https:\/\/eskortegirl.com\/#\/schema\/logo\/image\/\"}}]}<\/script>\n<!-- \/ Yoast SEO Premium plugin. -->","yoast_head_json":{"title":"Lissibergen Norway Escort","robots":{"index":"index","follow":"follow","max-snippet":"max-snippet:-1","max-image-preview":"max-image-preview:large","max-video-preview":"max-video-preview:-1"},"canonical":"https:\/\/eskortegirl.com\/no\/eskorte-jente\/lissibergen-379951\/","og_locale":"nb_NO","og_type":"article","og_title":"Lissibergen","og_description":"Hei alle sammen. Jeg er en singel jente fra Bergen. Jeg er \u00e6rlig og loyal, og har ogs\u00e5 sans for humor. Liker \u00e5 kose masse om jeg har kj\u00e6reste. H\u00e5per \u00e5 m\u00f8te en kjekk mann, som er loyal og \u00e6rlig som meg, og ferdig med tidligere forhold. Fint om du bor i n\u00e6rheten. Liker menn &hellip; Continue reading Lissibergen","og_url":"https:\/\/eskortegirl.com\/no\/eskorte-jente\/lissibergen-379951\/","og_site_name":"Eskorte Girl - Finn Eskorte jenter i hele Norge","article_modified_time":"2024-05-14T08:22:18+00:00","twitter_card":"summary_large_image","schema":{"@context":"https:\/\/schema.org","@graph":[{"@type":"WebPage","@id":"https:\/\/eskortegirl.com\/escort-girl\/lissibergen-379951\/","url":"https:\/\/eskortegirl.com\/escort-girl\/lissibergen-379951\/","name":"Lissibergen Norway Escort","isPartOf":{"@id":"https:\/\/eskortegirl.com\/#website"},"primaryImageOfPage":{"@id":"https:\/\/eskortegirl.com\/escort-girl\/lissibergen-379951\/#primaryimage"},"image":{"@id":"https:\/\/eskortegirl.com\/escort-girl\/lissibergen-379951\/#primaryimage"},"thumbnailUrl":"https:\/\/eskortegirl.com\/wp-content\/uploads\/2024\/05\/379951_50.jpg","datePublished":"1970-01-01T00:00:00+00:00","dateModified":"2024-05-14T08:22:18+00:00","breadcrumb":{"@id":"https:\/\/eskortegirl.com\/escort-girl\/lissibergen-379951\/#breadcrumb"},"inLanguage":"nb-NO","potentialAction":[{"@type":"ReadAction","target":["https:\/\/eskortegirl.com\/escort-girl\/lissibergen-379951\/"]}]},{"@type":"ImageObject","inLanguage":"nb-NO","@id":"https:\/\/eskortegirl.com\/escort-girl\/lissibergen-379951\/#primaryimage","url":"https:\/\/eskortegirl.com\/wp-content\/uploads\/2024\/05\/379951_50.jpg","contentUrl":"https:\/\/eskortegirl.com\/wp-content\/uploads\/2024\/05\/379951_50.jpg","caption":"Lissibergen"},{"@type":"BreadcrumbList","@id":"https:\/\/eskortegirl.com\/escort-girl\/lissibergen-379951\/#breadcrumb","itemListElement":[{"@type":"ListItem","position":1,"name":"Home","item":"https:\/\/eskortegirl.com\/"},{"@type":"ListItem","position":2,"name":"Eskorte Girl &#8211; Finn Eskorte jenter i hele Norge","item":"https:\/\/eskortegirl.com\/"},{"@type":"ListItem","position":3,"name":"Lissibergen"}]},{"@type":"WebSite","@id":"https:\/\/eskortegirl.com\/#website","url":"https:\/\/eskortegirl.com\/","name":"Eskortegirl","description":"Eskorte Girl - Finn Eskorte jenter i hele Norge","publisher":{"@id":"https:\/\/eskortegirl.com\/#organization"},"alternateName":"Escorts","potentialAction":[{"@type":"SearchAction","target":{"@type":"EntryPoint","urlTemplate":"https:\/\/eskortegirl.com\/?s={search_term_string}"},"query-input":{"@type":"PropertyValueSpecification","valueRequired":true,"valueName":"search_term_string"}}],"inLanguage":"nb-NO"},{"@type":"Organization","@id":"https:\/\/eskortegirl.com\/#organization","name":"Eskortegirl","url":"https:\/\/eskortegirl.com\/","logo":{"@type":"ImageObject","inLanguage":"nb-NO","@id":"https:\/\/eskortegirl.com\/#\/schema\/logo\/image\/","url":"https:\/\/eskortegirl.com\/wp-content\/uploads\/2023\/06\/Eskortegirl.png","contentUrl":"https:\/\/eskortegirl.com\/wp-content\/uploads\/2023\/06\/Eskortegirl.png","width":240,"height":62,"caption":"Eskortegirl"},"image":{"@id":"https:\/\/eskortegirl.com\/#\/schema\/logo\/image\/"}}]}},"_links":{"self":[{"href":"https:\/\/eskortegirl.com\/no\/wp-json\/wp\/v2\/product\/379951","targetHints":{"allow":["GET"]}}],"collection":[{"href":"https:\/\/eskortegirl.com\/no\/wp-json\/wp\/v2\/product"}],"about":[{"href":"https:\/\/eskortegirl.com\/no\/wp-json\/wp\/v2\/types\/product"}],"wp:featuredmedia":[{"embeddable":true,"href":"https:\/\/eskortegirl.com\/no\/wp-json\/wp\/v2\/media\/12375012"}],"wp:attachment":[{"href":"https:\/\/eskortegirl.com\/no\/wp-json\/wp\/v2\/media?parent=379951"}],"wp:term":[{"taxonomy":"product_brand","embeddable":true,"href":"https:\/\/eskortegirl.com\/no\/wp-json\/wp\/v2\/product_brand?post=379951"},{"taxonomy":"product_cat","embeddable":true,"href":"https:\/\/eskortegirl.com\/no\/wp-json\/wp\/v2\/product_cat?post=379951"},{"taxonomy":"product_tag","embeddable":true,"href":"https:\/\/eskortegirl.com\/no\/wp-json\/wp\/v2\/product_tag?post=379951"}],"curies":[{"name":"wp","href":"https:\/\/api.w.org\/{rel}","templated":true}]}}