{"id":379912,"date":"1970-01-01T00:00:00","date_gmt":"1970-01-01T00:00:00","guid":{"rendered":"https:\/\/eskortegirl.com\/escort-girl\/milladi-379912\/"},"modified":"2024-05-14T08:21:55","modified_gmt":"2024-05-14T08:21:55","slug":"milladi-379912","status":"publish","type":"product","link":"https:\/\/eskortegirl.com\/no\/eskorte-jente\/milladi-379912\/","title":{"rendered":"Milladi"},"content":{"rendered":"<p>Jeg nyter sex, jeg nyter \u00e5 v\u00e6re tilgjengelig, bli brukt p\u00e5 en pen m\u00e5te. Gjerne hardt. Jeg er gjerne underdanig. Men respektfullt. Jeg elsker pikk. Store, deilige pikker som kan fylle meg. Gjerne flere. Men en kan v\u00e6re godt nok. Jeg er ikke bi. Men jeg kan nyte noen deilige timer med et par der de gj\u00f8r med meg som de vil.<\/p>","protected":false},"excerpt":{"rendered":"<p>Jeg nyter sex, jeg nyter \u00e5 v\u00e6re tilgjengelig, bli brukt p\u00e5 en pen m\u00e5te. Gjerne hardt. Jeg er gjerne underdanig. Men respektfullt. Jeg elsker pikk. Store, deilige pikker som kan fylle meg. Gjerne flere. Men en kan v\u00e6re godt nok. Jeg er ikke bi. Men jeg kan nyte noen deilige timer med et par der &hellip; <a href=\"https:\/\/eskortegirl.com\/no\/eskorte-jente\/milladi-379912\/\" class=\"more-link\">Continue reading <span class=\"screen-reader-text\">Milladi<\/span><\/a><\/p>","protected":false},"featured_media":12374663,"template":"","meta":[],"product_brand":[],"product_cat":[1126],"product_tag":[940,1154,939,1155,938,1150,1151,1159,932,942,931,1158,935,943,1148,937,1153,941,933,1152,1149,934,1156,1157],"class_list":{"0":"post-379912","1":"product","2":"type-product","3":"status-publish","4":"has-post-thumbnail","6":"product_cat-trondheim-escorts","7":"product_tag-asian-escorts","8":"product_tag-dating-norway","9":"product_tag-eskorte","10":"product_tag-eskortegirl","11":"product_tag-eskortejenter","12":"product_tag-euro-girl-escort","13":"product_tag-euro-girls","14":"product_tag-hook-ups","15":"product_tag-makentid","16":"product_tag-milf-escort","17":"product_tag-nakenprat","18":"product_tag-nordic-girls","19":"product_tag-norske-nudes","20":"product_tag-norway-escorts","21":"product_tag-norway-girls","22":"product_tag-norwegian-onlyfans","23":"product_tag-oslo-girls","24":"product_tag-realescort-eu","25":"product_tag-realescorte","26":"product_tag-sex-norway","27":"product_tag-sugar-daddy","28":"product_tag-sugardaters","29":"product_tag-tinder-norway","30":"product_tag-tinder-oslo","31":"pa_enjoys-escorts-who-girls-enjoy-handcuffs","32":"pa_enjoys-escort-girls-who-enjoy-masturbation","33":"pa_enjoys-escort-girls-who-enjoy-missionary","34":"pa_enjoys-escort-girls-who-enjoy-no-condom","35":"pa_enjoys-escort-girls-who-enjoy-reverse-cowgirl","36":"pa_enjoys-escort-girls-who-like-kissing","37":"pa_enjoys-escort-girls-who-like-long-foreplay","38":"pa_enjoys-escort-girls-who-like-massage","39":"pa_enjoys-escort-girls-who-like-oral-sex","40":"pa_enjoys-escort-girls-who-like-romantic","41":"pa_enjoys-escort-girls-who-like-shaved","42":"pa_enjoys-escort-girls-who-enjoy-lingerie","43":"pa_enjoys-escorts-who-enjoy-couples","44":"pa_enjoys-escorts-who-enjoy-creampie","45":"pa_enjoys-escorts-who-enjoy-threesome","46":"pa_enjoys-escorts-who-enjoy-voyeur","47":"pa_enjoys-escorts-who-like-big-butt","48":"pa_enjoys-escorts-who-like-cowgirl","49":"pa_enjoys-escorts-who-like-dildo","50":"pa_enjoys-escorts-who-like-or-enjoy-being-dominated","51":"pa_enjoys-escorts-who-like-or-enjoy-big-dick","52":"pa_enjoys-escorts-who-like-or-enjoy-big-tits","53":"pa_enjoys-escorts-who-like-or-enjoy-blowjob","54":"pa_enjoys-escorts-who-like-or-enjoy-nylon","55":"pa_enjoys-escorts-who-like-straight-sex","56":"pa_enjoys-escorts-who-like-teasing","57":"pa_enjoys-natural-breasts-escort-girls","59":"first","60":"instock","61":"shipping-taxable","62":"product-type-external"},"yoast_head":"<!-- This site is optimized with the Yoast SEO Premium plugin v22.3 (Yoast SEO v27.3) - https:\/\/yoast.com\/product\/yoast-seo-premium-wordpress\/ -->\n<title>Milladi Norway Escort<\/title>\n<meta name=\"robots\" content=\"index, follow, max-snippet:-1, max-image-preview:large, max-video-preview:-1\" \/>\n<link rel=\"canonical\" href=\"https:\/\/eskortegirl.com\/no\/eskorte-jente\/milladi-379912\/\" \/>\n<meta property=\"og:locale\" content=\"nb_NO\" \/>\n<meta property=\"og:type\" content=\"article\" \/>\n<meta property=\"og:title\" content=\"Milladi\" \/>\n<meta property=\"og:description\" content=\"Jeg nyter sex, jeg nyter \u00e5 v\u00e6re tilgjengelig, bli brukt p\u00e5 en pen m\u00e5te. Gjerne hardt. Jeg er gjerne underdanig. Men respektfullt. Jeg elsker pikk. Store, deilige pikker som kan fylle meg. Gjerne flere. Men en kan v\u00e6re godt nok. Jeg er ikke bi. Men jeg kan nyte noen deilige timer med et par der &hellip; Continue reading Milladi\" \/>\n<meta property=\"og:url\" content=\"https:\/\/eskortegirl.com\/no\/eskorte-jente\/milladi-379912\/\" \/>\n<meta property=\"og:site_name\" content=\"Eskorte Girl - Finn Eskorte jenter i hele Norge\" \/>\n<meta property=\"article:modified_time\" content=\"2024-05-14T08:21:55+00:00\" \/>\n<meta name=\"twitter:card\" content=\"summary_large_image\" \/>\n<script type=\"application\/ld+json\" class=\"yoast-schema-graph\">{\"@context\":\"https:\\\/\\\/schema.org\",\"@graph\":[{\"@type\":\"WebPage\",\"@id\":\"https:\\\/\\\/eskortegirl.com\\\/escort-girl\\\/milladi-379912\\\/\",\"url\":\"https:\\\/\\\/eskortegirl.com\\\/escort-girl\\\/milladi-379912\\\/\",\"name\":\"Milladi Norway Escort\",\"isPartOf\":{\"@id\":\"https:\\\/\\\/eskortegirl.com\\\/#website\"},\"primaryImageOfPage\":{\"@id\":\"https:\\\/\\\/eskortegirl.com\\\/escort-girl\\\/milladi-379912\\\/#primaryimage\"},\"image\":{\"@id\":\"https:\\\/\\\/eskortegirl.com\\\/escort-girl\\\/milladi-379912\\\/#primaryimage\"},\"thumbnailUrl\":\"https:\\\/\\\/eskortegirl.com\\\/wp-content\\\/uploads\\\/2024\\\/05\\\/379912_50.jpg\",\"datePublished\":\"1970-01-01T00:00:00+00:00\",\"dateModified\":\"2024-05-14T08:21:55+00:00\",\"breadcrumb\":{\"@id\":\"https:\\\/\\\/eskortegirl.com\\\/escort-girl\\\/milladi-379912\\\/#breadcrumb\"},\"inLanguage\":\"nb-NO\",\"potentialAction\":[{\"@type\":\"ReadAction\",\"target\":[\"https:\\\/\\\/eskortegirl.com\\\/escort-girl\\\/milladi-379912\\\/\"]}]},{\"@type\":\"ImageObject\",\"inLanguage\":\"nb-NO\",\"@id\":\"https:\\\/\\\/eskortegirl.com\\\/escort-girl\\\/milladi-379912\\\/#primaryimage\",\"url\":\"https:\\\/\\\/eskortegirl.com\\\/wp-content\\\/uploads\\\/2024\\\/05\\\/379912_50.jpg\",\"contentUrl\":\"https:\\\/\\\/eskortegirl.com\\\/wp-content\\\/uploads\\\/2024\\\/05\\\/379912_50.jpg\",\"width\":270,\"height\":400,\"caption\":\"Milladi\"},{\"@type\":\"BreadcrumbList\",\"@id\":\"https:\\\/\\\/eskortegirl.com\\\/escort-girl\\\/milladi-379912\\\/#breadcrumb\",\"itemListElement\":[{\"@type\":\"ListItem\",\"position\":1,\"name\":\"Home\",\"item\":\"https:\\\/\\\/eskortegirl.com\\\/\"},{\"@type\":\"ListItem\",\"position\":2,\"name\":\"Eskorte Girl &#8211; Finn Eskorte jenter i hele Norge\",\"item\":\"https:\\\/\\\/eskortegirl.com\\\/\"},{\"@type\":\"ListItem\",\"position\":3,\"name\":\"Milladi\"}]},{\"@type\":\"WebSite\",\"@id\":\"https:\\\/\\\/eskortegirl.com\\\/#website\",\"url\":\"https:\\\/\\\/eskortegirl.com\\\/\",\"name\":\"Eskortegirl\",\"description\":\"Eskorte Girl - Finn Eskorte jenter i hele Norge\",\"publisher\":{\"@id\":\"https:\\\/\\\/eskortegirl.com\\\/#organization\"},\"alternateName\":\"Escorts\",\"potentialAction\":[{\"@type\":\"SearchAction\",\"target\":{\"@type\":\"EntryPoint\",\"urlTemplate\":\"https:\\\/\\\/eskortegirl.com\\\/?s={search_term_string}\"},\"query-input\":{\"@type\":\"PropertyValueSpecification\",\"valueRequired\":true,\"valueName\":\"search_term_string\"}}],\"inLanguage\":\"nb-NO\"},{\"@type\":\"Organization\",\"@id\":\"https:\\\/\\\/eskortegirl.com\\\/#organization\",\"name\":\"Eskortegirl\",\"url\":\"https:\\\/\\\/eskortegirl.com\\\/\",\"logo\":{\"@type\":\"ImageObject\",\"inLanguage\":\"nb-NO\",\"@id\":\"https:\\\/\\\/eskortegirl.com\\\/#\\\/schema\\\/logo\\\/image\\\/\",\"url\":\"https:\\\/\\\/eskortegirl.com\\\/wp-content\\\/uploads\\\/2023\\\/06\\\/Eskortegirl.png\",\"contentUrl\":\"https:\\\/\\\/eskortegirl.com\\\/wp-content\\\/uploads\\\/2023\\\/06\\\/Eskortegirl.png\",\"width\":240,\"height\":62,\"caption\":\"Eskortegirl\"},\"image\":{\"@id\":\"https:\\\/\\\/eskortegirl.com\\\/#\\\/schema\\\/logo\\\/image\\\/\"}}]}<\/script>\n<!-- \/ Yoast SEO Premium plugin. -->","yoast_head_json":{"title":"Milladi Norway Escort","robots":{"index":"index","follow":"follow","max-snippet":"max-snippet:-1","max-image-preview":"max-image-preview:large","max-video-preview":"max-video-preview:-1"},"canonical":"https:\/\/eskortegirl.com\/no\/eskorte-jente\/milladi-379912\/","og_locale":"nb_NO","og_type":"article","og_title":"Milladi","og_description":"Jeg nyter sex, jeg nyter \u00e5 v\u00e6re tilgjengelig, bli brukt p\u00e5 en pen m\u00e5te. Gjerne hardt. Jeg er gjerne underdanig. Men respektfullt. Jeg elsker pikk. Store, deilige pikker som kan fylle meg. Gjerne flere. Men en kan v\u00e6re godt nok. Jeg er ikke bi. Men jeg kan nyte noen deilige timer med et par der &hellip; Continue reading Milladi","og_url":"https:\/\/eskortegirl.com\/no\/eskorte-jente\/milladi-379912\/","og_site_name":"Eskorte Girl - Finn Eskorte jenter i hele Norge","article_modified_time":"2024-05-14T08:21:55+00:00","twitter_card":"summary_large_image","schema":{"@context":"https:\/\/schema.org","@graph":[{"@type":"WebPage","@id":"https:\/\/eskortegirl.com\/escort-girl\/milladi-379912\/","url":"https:\/\/eskortegirl.com\/escort-girl\/milladi-379912\/","name":"Milladi Norway Escort","isPartOf":{"@id":"https:\/\/eskortegirl.com\/#website"},"primaryImageOfPage":{"@id":"https:\/\/eskortegirl.com\/escort-girl\/milladi-379912\/#primaryimage"},"image":{"@id":"https:\/\/eskortegirl.com\/escort-girl\/milladi-379912\/#primaryimage"},"thumbnailUrl":"https:\/\/eskortegirl.com\/wp-content\/uploads\/2024\/05\/379912_50.jpg","datePublished":"1970-01-01T00:00:00+00:00","dateModified":"2024-05-14T08:21:55+00:00","breadcrumb":{"@id":"https:\/\/eskortegirl.com\/escort-girl\/milladi-379912\/#breadcrumb"},"inLanguage":"nb-NO","potentialAction":[{"@type":"ReadAction","target":["https:\/\/eskortegirl.com\/escort-girl\/milladi-379912\/"]}]},{"@type":"ImageObject","inLanguage":"nb-NO","@id":"https:\/\/eskortegirl.com\/escort-girl\/milladi-379912\/#primaryimage","url":"https:\/\/eskortegirl.com\/wp-content\/uploads\/2024\/05\/379912_50.jpg","contentUrl":"https:\/\/eskortegirl.com\/wp-content\/uploads\/2024\/05\/379912_50.jpg","width":270,"height":400,"caption":"Milladi"},{"@type":"BreadcrumbList","@id":"https:\/\/eskortegirl.com\/escort-girl\/milladi-379912\/#breadcrumb","itemListElement":[{"@type":"ListItem","position":1,"name":"Home","item":"https:\/\/eskortegirl.com\/"},{"@type":"ListItem","position":2,"name":"Eskorte Girl &#8211; Finn Eskorte jenter i hele Norge","item":"https:\/\/eskortegirl.com\/"},{"@type":"ListItem","position":3,"name":"Milladi"}]},{"@type":"WebSite","@id":"https:\/\/eskortegirl.com\/#website","url":"https:\/\/eskortegirl.com\/","name":"Eskortegirl","description":"Eskorte Girl - Finn Eskorte jenter i hele Norge","publisher":{"@id":"https:\/\/eskortegirl.com\/#organization"},"alternateName":"Escorts","potentialAction":[{"@type":"SearchAction","target":{"@type":"EntryPoint","urlTemplate":"https:\/\/eskortegirl.com\/?s={search_term_string}"},"query-input":{"@type":"PropertyValueSpecification","valueRequired":true,"valueName":"search_term_string"}}],"inLanguage":"nb-NO"},{"@type":"Organization","@id":"https:\/\/eskortegirl.com\/#organization","name":"Eskortegirl","url":"https:\/\/eskortegirl.com\/","logo":{"@type":"ImageObject","inLanguage":"nb-NO","@id":"https:\/\/eskortegirl.com\/#\/schema\/logo\/image\/","url":"https:\/\/eskortegirl.com\/wp-content\/uploads\/2023\/06\/Eskortegirl.png","contentUrl":"https:\/\/eskortegirl.com\/wp-content\/uploads\/2023\/06\/Eskortegirl.png","width":240,"height":62,"caption":"Eskortegirl"},"image":{"@id":"https:\/\/eskortegirl.com\/#\/schema\/logo\/image\/"}}]}},"_links":{"self":[{"href":"https:\/\/eskortegirl.com\/no\/wp-json\/wp\/v2\/product\/379912","targetHints":{"allow":["GET"]}}],"collection":[{"href":"https:\/\/eskortegirl.com\/no\/wp-json\/wp\/v2\/product"}],"about":[{"href":"https:\/\/eskortegirl.com\/no\/wp-json\/wp\/v2\/types\/product"}],"wp:featuredmedia":[{"embeddable":true,"href":"https:\/\/eskortegirl.com\/no\/wp-json\/wp\/v2\/media\/12374663"}],"wp:attachment":[{"href":"https:\/\/eskortegirl.com\/no\/wp-json\/wp\/v2\/media?parent=379912"}],"wp:term":[{"taxonomy":"product_brand","embeddable":true,"href":"https:\/\/eskortegirl.com\/no\/wp-json\/wp\/v2\/product_brand?post=379912"},{"taxonomy":"product_cat","embeddable":true,"href":"https:\/\/eskortegirl.com\/no\/wp-json\/wp\/v2\/product_cat?post=379912"},{"taxonomy":"product_tag","embeddable":true,"href":"https:\/\/eskortegirl.com\/no\/wp-json\/wp\/v2\/product_tag?post=379912"}],"curies":[{"name":"wp","href":"https:\/\/api.w.org\/{rel}","templated":true}]}}