{"id":379871,"date":"2022-03-06T08:45:00","date_gmt":"2022-03-06T08:45:00","guid":{"rendered":"https:\/\/eskortegirl.com\/escort-girl\/hhenriette-379871\/"},"modified":"2024-05-14T08:27:40","modified_gmt":"2024-05-14T08:27:40","slug":"hhenriette-379871","status":"publish","type":"product","link":"https:\/\/eskortegirl.com\/no\/eskorte-jente\/hhenriette-379871\/","title":{"rendered":"Hhenriette"},"content":{"rendered":"<p>Jeg betrakter meg selv som en kvinne med mye \u00e5 gi. Jeg har ingen fordommer eller tabuer. Jeg liker \u00e5 oppleve nye ting og eg leter etter noen morsomme, sensuelle og litt gale menn som for litt g\u00f8y.<\/p>","protected":false},"excerpt":{"rendered":"<p>Jeg betrakter meg selv som en kvinne med mye \u00e5 gi. Jeg har ingen fordommer eller tabuer. Jeg liker \u00e5 oppleve nye ting og eg leter etter noen morsomme, sensuelle og litt gale menn som for litt g\u00f8y.<\/p>","protected":false},"featured_media":12379007,"template":"","meta":[],"product_brand":[],"product_cat":[1198],"product_tag":[940,1154,939,1155,938,1150,1151,1159,932,942,931,1158,935,943,1148,937,1153,941,933,1152,1149,934,1156,1157],"class_list":{"0":"post-379871","1":"product","2":"type-product","3":"status-publish","4":"has-post-thumbnail","6":"product_cat-drammen-escorts-2","7":"product_tag-asian-escorts","8":"product_tag-dating-norway","9":"product_tag-eskorte","10":"product_tag-eskortegirl","11":"product_tag-eskortejenter","12":"product_tag-euro-girl-escort","13":"product_tag-euro-girls","14":"product_tag-hook-ups","15":"product_tag-makentid","16":"product_tag-milf-escort","17":"product_tag-nakenprat","18":"product_tag-nordic-girls","19":"product_tag-norske-nudes","20":"product_tag-norway-escorts","21":"product_tag-norway-girls","22":"product_tag-norwegian-onlyfans","23":"product_tag-oslo-girls","24":"product_tag-realescort-eu","25":"product_tag-realescorte","26":"product_tag-sex-norway","27":"product_tag-sugar-daddy","28":"product_tag-sugardaters","29":"product_tag-tinder-norway","30":"product_tag-tinder-oslo","31":"pa_enjoys-escort-girls-who-like-kissing","32":"pa_enjoys-escort-girls-who-like-oral-sex","33":"pa_enjoys-escort-girls-who-like-orgy","34":"pa_enjoys-escort-girls-who-like-piercing","35":"pa_enjoys-escort-girls-who-like-role-play","36":"pa_enjoys-escort-girls-who-like-shaved","37":"pa_enjoys-escorts-who-enjoy-couples","38":"pa_enjoys-escorts-who-enjoy-swallow","39":"pa_enjoys-escorts-who-enjoy-swinger","40":"pa_enjoys-escorts-who-enjoy-threesome","41":"pa_enjoys-escorts-who-like-big-butt","42":"pa_enjoys-escorts-who-like-butt-plug","43":"pa_enjoys-escorts-who-like-cowgirl","44":"pa_enjoys-escorts-who-like-or-enjoy-anal","45":"pa_enjoys-escorts-who-like-or-enjoy-being-dominated","46":"pa_enjoys-escorts-who-like-or-enjoy-big-dick","47":"pa_enjoys-escorts-who-like-or-enjoy-big-tits","48":"pa_enjoys-escorts-who-like-or-enjoy-bondage","49":"pa_enjoys-escorts-who-like-to-dominate","50":"pa_enjoys-milf-escort-girls","51":"pa_enjoys-natural-breasts-escort-girls","53":"first","54":"instock","55":"shipping-taxable","56":"product-type-external"},"yoast_head":"<!-- This site is optimized with the Yoast SEO Premium plugin v22.3 (Yoast SEO v27.0) - https:\/\/yoast.com\/product\/yoast-seo-premium-wordpress\/ -->\n<title>Hhenriette Norway Escort<\/title>\n<meta name=\"robots\" content=\"index, follow, max-snippet:-1, max-image-preview:large, max-video-preview:-1\" \/>\n<link rel=\"canonical\" href=\"https:\/\/eskortegirl.com\/no\/eskorte-jente\/hhenriette-379871\/\" \/>\n<meta property=\"og:locale\" content=\"nb_NO\" \/>\n<meta property=\"og:type\" content=\"article\" \/>\n<meta property=\"og:title\" content=\"Hhenriette\" \/>\n<meta property=\"og:description\" content=\"Jeg betrakter meg selv som en kvinne med mye \u00e5 gi. Jeg har ingen fordommer eller tabuer. Jeg liker \u00e5 oppleve nye ting og eg leter etter noen morsomme, sensuelle og litt gale menn som for litt g\u00f8y.\" \/>\n<meta property=\"og:url\" content=\"https:\/\/eskortegirl.com\/no\/eskorte-jente\/hhenriette-379871\/\" \/>\n<meta property=\"og:site_name\" content=\"Eskorte Girl - Finn Eskorte jenter i hele Norge\" \/>\n<meta property=\"article:modified_time\" content=\"2024-05-14T08:27:40+00:00\" \/>\n<meta name=\"twitter:card\" content=\"summary_large_image\" \/>\n<script type=\"application\/ld+json\" class=\"yoast-schema-graph\">{\"@context\":\"https:\/\/schema.org\",\"@graph\":[{\"@type\":\"WebPage\",\"@id\":\"https:\/\/eskortegirl.com\/escort-girl\/hhenriette-379871\/\",\"url\":\"https:\/\/eskortegirl.com\/escort-girl\/hhenriette-379871\/\",\"name\":\"Hhenriette Norway Escort\",\"isPartOf\":{\"@id\":\"https:\/\/eskortegirl.com\/#website\"},\"primaryImageOfPage\":{\"@id\":\"https:\/\/eskortegirl.com\/escort-girl\/hhenriette-379871\/#primaryimage\"},\"image\":{\"@id\":\"https:\/\/eskortegirl.com\/escort-girl\/hhenriette-379871\/#primaryimage\"},\"thumbnailUrl\":\"https:\/\/eskortegirl.com\/wp-content\/uploads\/2024\/05\/379871_50.jpg\",\"datePublished\":\"2022-03-06T08:45:00+00:00\",\"dateModified\":\"2024-05-14T08:27:40+00:00\",\"breadcrumb\":{\"@id\":\"https:\/\/eskortegirl.com\/escort-girl\/hhenriette-379871\/#breadcrumb\"},\"inLanguage\":\"nb-NO\",\"potentialAction\":[{\"@type\":\"ReadAction\",\"target\":[\"https:\/\/eskortegirl.com\/escort-girl\/hhenriette-379871\/\"]}]},{\"@type\":\"ImageObject\",\"inLanguage\":\"nb-NO\",\"@id\":\"https:\/\/eskortegirl.com\/escort-girl\/hhenriette-379871\/#primaryimage\",\"url\":\"https:\/\/eskortegirl.com\/wp-content\/uploads\/2024\/05\/379871_50.jpg\",\"contentUrl\":\"https:\/\/eskortegirl.com\/wp-content\/uploads\/2024\/05\/379871_50.jpg\",\"caption\":\"Hhenriette\"},{\"@type\":\"BreadcrumbList\",\"@id\":\"https:\/\/eskortegirl.com\/escort-girl\/hhenriette-379871\/#breadcrumb\",\"itemListElement\":[{\"@type\":\"ListItem\",\"position\":1,\"name\":\"Home\",\"item\":\"https:\/\/eskortegirl.com\/\"},{\"@type\":\"ListItem\",\"position\":2,\"name\":\"Eskorte Girl &#8211; Finn Eskorte jenter i hele Norge\",\"item\":\"https:\/\/eskortegirl.com\/\"},{\"@type\":\"ListItem\",\"position\":3,\"name\":\"Hhenriette\"}]},{\"@type\":\"WebSite\",\"@id\":\"https:\/\/eskortegirl.com\/#website\",\"url\":\"https:\/\/eskortegirl.com\/\",\"name\":\"Eskortegirl\",\"description\":\"Eskorte Girl - Finn Eskorte jenter i hele Norge\",\"publisher\":{\"@id\":\"https:\/\/eskortegirl.com\/#organization\"},\"alternateName\":\"Escorts\",\"potentialAction\":[{\"@type\":\"SearchAction\",\"target\":{\"@type\":\"EntryPoint\",\"urlTemplate\":\"https:\/\/eskortegirl.com\/?s={search_term_string}\"},\"query-input\":{\"@type\":\"PropertyValueSpecification\",\"valueRequired\":true,\"valueName\":\"search_term_string\"}}],\"inLanguage\":\"nb-NO\"},{\"@type\":\"Organization\",\"@id\":\"https:\/\/eskortegirl.com\/#organization\",\"name\":\"Eskortegirl\",\"url\":\"https:\/\/eskortegirl.com\/\",\"logo\":{\"@type\":\"ImageObject\",\"inLanguage\":\"nb-NO\",\"@id\":\"https:\/\/eskortegirl.com\/#\/schema\/logo\/image\/\",\"url\":\"https:\/\/eskortegirl.com\/wp-content\/uploads\/2023\/06\/Eskortegirl.png\",\"contentUrl\":\"https:\/\/eskortegirl.com\/wp-content\/uploads\/2023\/06\/Eskortegirl.png\",\"width\":240,\"height\":62,\"caption\":\"Eskortegirl\"},\"image\":{\"@id\":\"https:\/\/eskortegirl.com\/#\/schema\/logo\/image\/\"}}]}<\/script>\n<!-- \/ Yoast SEO Premium plugin. -->","yoast_head_json":{"title":"Hhenriette Norway Escort","robots":{"index":"index","follow":"follow","max-snippet":"max-snippet:-1","max-image-preview":"max-image-preview:large","max-video-preview":"max-video-preview:-1"},"canonical":"https:\/\/eskortegirl.com\/no\/eskorte-jente\/hhenriette-379871\/","og_locale":"nb_NO","og_type":"article","og_title":"Hhenriette","og_description":"Jeg betrakter meg selv som en kvinne med mye \u00e5 gi. Jeg har ingen fordommer eller tabuer. Jeg liker \u00e5 oppleve nye ting og eg leter etter noen morsomme, sensuelle og litt gale menn som for litt g\u00f8y.","og_url":"https:\/\/eskortegirl.com\/no\/eskorte-jente\/hhenriette-379871\/","og_site_name":"Eskorte Girl - Finn Eskorte jenter i hele Norge","article_modified_time":"2024-05-14T08:27:40+00:00","twitter_card":"summary_large_image","schema":{"@context":"https:\/\/schema.org","@graph":[{"@type":"WebPage","@id":"https:\/\/eskortegirl.com\/escort-girl\/hhenriette-379871\/","url":"https:\/\/eskortegirl.com\/escort-girl\/hhenriette-379871\/","name":"Hhenriette Norway Escort","isPartOf":{"@id":"https:\/\/eskortegirl.com\/#website"},"primaryImageOfPage":{"@id":"https:\/\/eskortegirl.com\/escort-girl\/hhenriette-379871\/#primaryimage"},"image":{"@id":"https:\/\/eskortegirl.com\/escort-girl\/hhenriette-379871\/#primaryimage"},"thumbnailUrl":"https:\/\/eskortegirl.com\/wp-content\/uploads\/2024\/05\/379871_50.jpg","datePublished":"2022-03-06T08:45:00+00:00","dateModified":"2024-05-14T08:27:40+00:00","breadcrumb":{"@id":"https:\/\/eskortegirl.com\/escort-girl\/hhenriette-379871\/#breadcrumb"},"inLanguage":"nb-NO","potentialAction":[{"@type":"ReadAction","target":["https:\/\/eskortegirl.com\/escort-girl\/hhenriette-379871\/"]}]},{"@type":"ImageObject","inLanguage":"nb-NO","@id":"https:\/\/eskortegirl.com\/escort-girl\/hhenriette-379871\/#primaryimage","url":"https:\/\/eskortegirl.com\/wp-content\/uploads\/2024\/05\/379871_50.jpg","contentUrl":"https:\/\/eskortegirl.com\/wp-content\/uploads\/2024\/05\/379871_50.jpg","caption":"Hhenriette"},{"@type":"BreadcrumbList","@id":"https:\/\/eskortegirl.com\/escort-girl\/hhenriette-379871\/#breadcrumb","itemListElement":[{"@type":"ListItem","position":1,"name":"Home","item":"https:\/\/eskortegirl.com\/"},{"@type":"ListItem","position":2,"name":"Eskorte Girl &#8211; Finn Eskorte jenter i hele Norge","item":"https:\/\/eskortegirl.com\/"},{"@type":"ListItem","position":3,"name":"Hhenriette"}]},{"@type":"WebSite","@id":"https:\/\/eskortegirl.com\/#website","url":"https:\/\/eskortegirl.com\/","name":"Eskortegirl","description":"Eskorte Girl - Finn Eskorte jenter i hele Norge","publisher":{"@id":"https:\/\/eskortegirl.com\/#organization"},"alternateName":"Escorts","potentialAction":[{"@type":"SearchAction","target":{"@type":"EntryPoint","urlTemplate":"https:\/\/eskortegirl.com\/?s={search_term_string}"},"query-input":{"@type":"PropertyValueSpecification","valueRequired":true,"valueName":"search_term_string"}}],"inLanguage":"nb-NO"},{"@type":"Organization","@id":"https:\/\/eskortegirl.com\/#organization","name":"Eskortegirl","url":"https:\/\/eskortegirl.com\/","logo":{"@type":"ImageObject","inLanguage":"nb-NO","@id":"https:\/\/eskortegirl.com\/#\/schema\/logo\/image\/","url":"https:\/\/eskortegirl.com\/wp-content\/uploads\/2023\/06\/Eskortegirl.png","contentUrl":"https:\/\/eskortegirl.com\/wp-content\/uploads\/2023\/06\/Eskortegirl.png","width":240,"height":62,"caption":"Eskortegirl"},"image":{"@id":"https:\/\/eskortegirl.com\/#\/schema\/logo\/image\/"}}]}},"_links":{"self":[{"href":"https:\/\/eskortegirl.com\/no\/wp-json\/wp\/v2\/product\/379871","targetHints":{"allow":["GET"]}}],"collection":[{"href":"https:\/\/eskortegirl.com\/no\/wp-json\/wp\/v2\/product"}],"about":[{"href":"https:\/\/eskortegirl.com\/no\/wp-json\/wp\/v2\/types\/product"}],"wp:featuredmedia":[{"embeddable":true,"href":"https:\/\/eskortegirl.com\/no\/wp-json\/wp\/v2\/media\/12379007"}],"wp:attachment":[{"href":"https:\/\/eskortegirl.com\/no\/wp-json\/wp\/v2\/media?parent=379871"}],"wp:term":[{"taxonomy":"product_brand","embeddable":true,"href":"https:\/\/eskortegirl.com\/no\/wp-json\/wp\/v2\/product_brand?post=379871"},{"taxonomy":"product_cat","embeddable":true,"href":"https:\/\/eskortegirl.com\/no\/wp-json\/wp\/v2\/product_cat?post=379871"},{"taxonomy":"product_tag","embeddable":true,"href":"https:\/\/eskortegirl.com\/no\/wp-json\/wp\/v2\/product_tag?post=379871"}],"curies":[{"name":"wp","href":"https:\/\/api.w.org\/{rel}","templated":true}]}}