{"id":12373173,"date":"2023-08-31T07:19:02","date_gmt":"2023-08-31T07:19:02","guid":{"rendered":"https:\/\/eskortegirl.com\/?page_id=12373173"},"modified":"2023-08-31T07:19:35","modified_gmt":"2023-08-31T07:19:35","slug":"lenker","status":"publish","type":"page","link":"https:\/\/eskortegirl.com\/no\/lenker\/","title":{"rendered":"Linker"},"content":{"rendered":"<div class=\"wpb-content-wrapper\"><div class=\"vc_row wpb_row vc_row-fluid\"><\/div><div class=\"wpb_column vc_column_container vc_col-sm-12\"><div class=\"vc_column-inner\"><div class=\"wpb_wrapper\"><\/div><\/div><\/div>\n\t<div class=\"wpb_text_column wpb_content_element\" >\n\t\t<div class=\"wpb_wrapper\">\n\t\t\t\n\t\t<\/div>\n\t<\/div>\n<p class=\"has-text-align-center\">Finn lenkene til andre popul\u00e6re nettsteder av interesse. Hvis du \u00f8nsker \u00e5 utveksle lenker eller bannere med oss, vennligst <a href=\"https:\/\/eskortegirl.com\/no\/partnere\/\">Klikk her<\/a> for v\u00e5re banner- og linkdetaljer.<\/p>\r\n<div class=\"wplinktrade\"><div class=\"wplinktrade_stats wplinktrade_links\">\n      <table class=\"stats_table\" callspacing=\"1\">\n      <thead>\n      <tr>\n        <th>nettsted<\/th>\n        <th>Description<\/th><tr>\n  <td><a href=\"https:\/\/escortmasculinoparamujeres.pe\/\" title=\"Eskorte i Lima\" target=\"_blank\">\n        <img decoding=\"async\" data-src=\"https:\/\/eskortegirl.com\/wp-content\/uploads\/wplinktrade\/escort-masculino-para-mujeres-banner.png\" alt=\"Eskorte i Lima\" width=\"468\" height=\"60\" src=\"data:image\/svg+xml;base64,PHN2ZyB3aWR0aD0iMSIgaGVpZ2h0PSIxIiB4bWxucz0iaHR0cDovL3d3dy53My5vcmcvMjAwMC9zdmciPjwvc3ZnPg==\" class=\"lazyload\" style=\"--smush-placeholder-width: 468px; --smush-placeholder-aspect-ratio: 468\/60;\" \/>\n      <\/a><\/td>\n  <td><\/td>\n<\/tr><tr>\n  <td><a href=\"https:\/\/eskorttjejer.net\/\" title=\"Eskorttjejer\" target=\"_blank\">\n        <img decoding=\"async\" data-src=\"https:\/\/eskortegirl.com\/wp-content\/uploads\/wplinktrade\/Eskorte-WP-High-Quality-1.jpg\" alt=\"Eskorttjejer\" width=\"468\" height=\"60\" src=\"data:image\/svg+xml;base64,PHN2ZyB3aWR0aD0iMSIgaGVpZ2h0PSIxIiB4bWxucz0iaHR0cDovL3d3dy53My5vcmcvMjAwMC9zdmciPjwvc3ZnPg==\" class=\"lazyload\" style=\"--smush-placeholder-width: 468px; --smush-placeholder-aspect-ratio: 468\/60;\" \/>\n      <\/a><\/td>\n  <td><\/td>\n<\/tr><tr>\n  <td><a href=\"https:\/\/amsterdamescorts24.com\/\" title=\"Eskorte Amsterdam\" target=\"_blank\">\n        <img decoding=\"async\" data-src=\"https:\/\/eskortegirl.com\/wp-content\/uploads\/wplinktrade\/468-X-60-.gif\" alt=\"Eskorte Amsterdam\" width=\"468\" height=\"60\" src=\"data:image\/svg+xml;base64,PHN2ZyB3aWR0aD0iMSIgaGVpZ2h0PSIxIiB4bWxucz0iaHR0cDovL3d3dy53My5vcmcvMjAwMC9zdmciPjwvc3ZnPg==\" class=\"lazyload\" style=\"--smush-placeholder-width: 468px; --smush-placeholder-aspect-ratio: 468\/60;\" \/>\n      <\/a><\/td>\n  <td><\/td>\n<\/tr><tr>\n  <td><a href=\"https:\/\/escortsmexico.net\" title=\"Eskorte M\u00e9xico\" target=\"_blank\">\n        <img decoding=\"async\" data-src=\"https:\/\/eskortegirl.com\/wp-content\/uploads\/wplinktrade\/BN468x60.jpg\" alt=\"Eskorte M\u00e9xico\" width=\"468\" height=\"60\" src=\"data:image\/svg+xml;base64,PHN2ZyB3aWR0aD0iMSIgaGVpZ2h0PSIxIiB4bWxucz0iaHR0cDovL3d3dy53My5vcmcvMjAwMC9zdmciPjwvc3ZnPg==\" class=\"lazyload\" style=\"--smush-placeholder-width: 468px; --smush-placeholder-aspect-ratio: 468\/60;\" \/>\n      <\/a><\/td>\n  <td><\/td>\n<\/tr><tr>\n  <td><a href=\"https:\/\/www.amsterdamescort24.nl\/\" title=\"Eskorte Amsterdam\" target=\"_blank\">\n        <img decoding=\"async\" data-src=\"https:\/\/eskortegirl.com\/wp-content\/uploads\/wplinktrade\/Banner-468x60-1.png\" alt=\"Eskorte Amsterdam\" width=\"468\" height=\"60\" src=\"data:image\/svg+xml;base64,PHN2ZyB3aWR0aD0iMSIgaGVpZ2h0PSIxIiB4bWxucz0iaHR0cDovL3d3dy53My5vcmcvMjAwMC9zdmciPjwvc3ZnPg==\" class=\"lazyload\" style=\"--smush-placeholder-width: 468px; --smush-placeholder-aspect-ratio: 468\/60;\" \/>\n      <\/a><\/td>\n  <td><\/td>\n<\/tr><tr>\n  <td><a href=\"https:\/\/amsterdamescort24.nl\/\" title=\"Eskorte Amsterdam\" target=\"_blank\">\n        <img decoding=\"async\" data-src=\"https:\/\/eskortegirl.com\/wp-content\/uploads\/wplinktrade\/banner-468x60-1.gif\" alt=\"Eskorte Amsterdam\" width=\"468\" height=\"60\" src=\"data:image\/svg+xml;base64,PHN2ZyB3aWR0aD0iMSIgaGVpZ2h0PSIxIiB4bWxucz0iaHR0cDovL3d3dy53My5vcmcvMjAwMC9zdmciPjwvc3ZnPg==\" class=\"lazyload\" style=\"--smush-placeholder-width: 468px; --smush-placeholder-aspect-ratio: 468\/60;\" \/>\n      <\/a><\/td>\n  <td><\/td>\n<\/tr><tr>\n  <td><a href=\"https:\/\/kinky-escorts.nl\/\" title=\"Amsterdam Eskorte\" target=\"_blank\">\n        <img decoding=\"async\" data-src=\"https:\/\/eskortegirl.com\/wp-content\/uploads\/wplinktrade\/kinky-esc-468x60-1.gif\" alt=\"Amsterdam Eskorte\" width=\"468\" height=\"60\" src=\"data:image\/svg+xml;base64,PHN2ZyB3aWR0aD0iMSIgaGVpZ2h0PSIxIiB4bWxucz0iaHR0cDovL3d3dy53My5vcmcvMjAwMC9zdmciPjwvc3ZnPg==\" class=\"lazyload\" style=\"--smush-placeholder-width: 468px; --smush-placeholder-aspect-ratio: 468\/60;\" \/>\n      <\/a><\/td>\n  <td><\/td>\n<\/tr><tr>\n  <td><a href=\"https:\/\/escortsxoxo.com\" title=\"Eskortexoxo\" target=\"_blank\">\n        <img decoding=\"async\" data-src=\"https:\/\/eskortegirl.com\/wp-content\/uploads\/wplinktrade\/no_photo_original_nop_468x60bb.png\" alt=\"Eskortexoxo\" width=\"468\" height=\"60\" src=\"data:image\/svg+xml;base64,PHN2ZyB3aWR0aD0iMSIgaGVpZ2h0PSIxIiB4bWxucz0iaHR0cDovL3d3dy53My5vcmcvMjAwMC9zdmciPjwvc3ZnPg==\" class=\"lazyload\" style=\"--smush-placeholder-width: 468px; --smush-placeholder-aspect-ratio: 468\/60;\" \/>\n      <\/a><\/td>\n  <td><\/td>\n<\/tr><tr>\n  <td><a href=\"https:\/\/www.escortamsterdam1.com\/\" title=\"Eskorte Amsterdam\" target=\"_blank\">\n        <img decoding=\"async\" data-src=\"https:\/\/eskortegirl.com\/wp-content\/uploads\/wplinktrade\/468x60-banner-ea1.jpg\" alt=\"Eskorte Amsterdam\" width=\"468\" height=\"60\" src=\"data:image\/svg+xml;base64,PHN2ZyB3aWR0aD0iMSIgaGVpZ2h0PSIxIiB4bWxucz0iaHR0cDovL3d3dy53My5vcmcvMjAwMC9zdmciPjwvc3ZnPg==\" class=\"lazyload\" style=\"--smush-placeholder-width: 468px; --smush-placeholder-aspect-ratio: 468\/60;\" \/>\n      <\/a><\/td>\n  <td><\/td>\n<\/tr><tr>\n  <td><a href=\"https:\/\/www.escortinamsterdam.net\/\" title=\"Eskorte Amsterdam\" target=\"_blank\">\n        <img decoding=\"async\" data-src=\"https:\/\/eskortegirl.com\/wp-content\/uploads\/wplinktrade\/banner-468x60-EA1.jpg\" alt=\"Eskorte Amsterdam\" width=\"468\" height=\"60\" src=\"data:image\/svg+xml;base64,PHN2ZyB3aWR0aD0iMSIgaGVpZ2h0PSIxIiB4bWxucz0iaHR0cDovL3d3dy53My5vcmcvMjAwMC9zdmciPjwvc3ZnPg==\" class=\"lazyload\" style=\"--smush-placeholder-width: 468px; --smush-placeholder-aspect-ratio: 468\/60;\" \/>\n      <\/a><\/td>\n  <td><\/td>\n<\/tr><tr>\n  <td><a href=\"https:\/\/escortinamsterdam.net\/\" title=\"escortinamsterdam.net\" target=\"_blank\">\n        <img decoding=\"async\" data-src=\"https:\/\/eskortegirl.com\/wp-content\/uploads\/wplinktrade\/468x60-banner-esc-ams.jpg\" alt=\"escortinamsterdam.net\" width=\"468\" height=\"60\" src=\"data:image\/svg+xml;base64,PHN2ZyB3aWR0aD0iMSIgaGVpZ2h0PSIxIiB4bWxucz0iaHR0cDovL3d3dy53My5vcmcvMjAwMC9zdmciPjwvc3ZnPg==\" class=\"lazyload\" style=\"--smush-placeholder-width: 468px; --smush-placeholder-aspect-ratio: 468\/60;\" \/>\n      <\/a><\/td>\n  <td><\/td>\n<\/tr><tr>\n  <td><a href=\"https:\/\/jbescortsangel.com\/hotels-and-spas\/\" title=\"Hoteller og spa i Malaysia\" target=\"_blank\">\n        <img decoding=\"async\" data-src=\"https:\/\/eskortegirl.com\/wp-content\/uploads\/wplinktrade\/banner.jpg\" alt=\"Hoteller og spa i Malaysia\" width=\"468\" height=\"60\" src=\"data:image\/svg+xml;base64,PHN2ZyB3aWR0aD0iMSIgaGVpZ2h0PSIxIiB4bWxucz0iaHR0cDovL3d3dy53My5vcmcvMjAwMC9zdmciPjwvc3ZnPg==\" class=\"lazyload\" style=\"--smush-placeholder-width: 468px; --smush-placeholder-aspect-ratio: 468\/60;\" \/>\n      <\/a><\/td>\n  <td><\/td>\n<\/tr><tr>\n  <td><a href=\"https:\/\/www.kinky-escorts.nl\/\" title=\"Eskorte Amsterdam\" target=\"_blank\">\n        <img decoding=\"async\" data-src=\"https:\/\/eskortegirl.com\/wp-content\/uploads\/wplinktrade\/kinky-esc-468x60-2.gif\" alt=\"Eskorte Amsterdam\" width=\"468\" height=\"60\" src=\"data:image\/svg+xml;base64,PHN2ZyB3aWR0aD0iMSIgaGVpZ2h0PSIxIiB4bWxucz0iaHR0cDovL3d3dy53My5vcmcvMjAwMC9zdmciPjwvc3ZnPg==\" class=\"lazyload\" style=\"--smush-placeholder-width: 468px; --smush-placeholder-aspect-ratio: 468\/60;\" \/>\n      <\/a><\/td>\n  <td><\/td>\n<\/tr><tr>\n  <td><a href=\"https:\/\/www.sanjanakaur.in\/\" title=\"Sanjana Kaur Massage Parlors\" target=\"_blank\">\n        <img decoding=\"async\" data-src=\"https:\/\/eskortegirl.com\/wp-content\/uploads\/wplinktrade\/massagebanner.jpg\" alt=\"Sanjana Kaur Massage Parlors\" width=\"468\" height=\"60\" src=\"data:image\/svg+xml;base64,PHN2ZyB3aWR0aD0iMSIgaGVpZ2h0PSIxIiB4bWxucz0iaHR0cDovL3d3dy53My5vcmcvMjAwMC9zdmciPjwvc3ZnPg==\" class=\"lazyload\" style=\"--smush-placeholder-width: 468px; --smush-placeholder-aspect-ratio: 468\/60;\" \/>\n      <\/a><\/td>\n  <td><\/td>\n<\/tr><tr>\n  <td><a href=\"https:\/\/straight-istanbul.com\/\" title=\"Male Escort for Women\" target=\"_blank\">\n        <img decoding=\"async\" data-src=\"https:\/\/eskortegirl.com\/wp-content\/uploads\/wplinktrade\/final-image-2.jpg\" alt=\"Male Escort for Women\" width=\"468\" height=\"60\" src=\"data:image\/svg+xml;base64,PHN2ZyB3aWR0aD0iMSIgaGVpZ2h0PSIxIiB4bWxucz0iaHR0cDovL3d3dy53My5vcmcvMjAwMC9zdmciPjwvc3ZnPg==\" class=\"lazyload\" style=\"--smush-placeholder-width: 468px; --smush-placeholder-aspect-ratio: 468\/60;\" \/>\n      <\/a><\/td>\n  <td><\/td>\n<\/tr><tr>\n  <td><a href=\"https:\/\/profesyonelistanbul.com\/\" title=\"Erkek Escort\" target=\"_blank\">\n        <img decoding=\"async\" data-src=\"https:\/\/eskortegirl.com\/wp-content\/uploads\/wplinktrade\/Banner__bgtbl.png\" alt=\"Erkek Escort\" width=\"468\" height=\"60\" src=\"data:image\/svg+xml;base64,PHN2ZyB3aWR0aD0iMSIgaGVpZ2h0PSIxIiB4bWxucz0iaHR0cDovL3d3dy53My5vcmcvMjAwMC9zdmciPjwvc3ZnPg==\" class=\"lazyload\" style=\"--smush-placeholder-width: 468px; --smush-placeholder-aspect-ratio: 468\/60;\" \/>\n      <\/a><\/td>\n  <td><\/td>\n<\/tr><tr>\n  <td><a href=\"https:\/\/maleescorthochiminhcity.com\/\" title=\"https:\/\/maleescorthochiminhcity.com\/wp-content\/uploads\/2025\/10\/adul-banner-3-1.png\" target=\"_blank\">\n        <img decoding=\"async\" data-src=\"https:\/\/eskortegirl.com\/wp-content\/uploads\/wplinktrade\/adul-banner-3-1.png\" alt=\"https:\/\/maleescorthochiminhcity.com\/wp-content\/uploads\/2025\/10\/adul-banner-3-1.png\" width=\"468\" height=\"60\" src=\"data:image\/svg+xml;base64,PHN2ZyB3aWR0aD0iMSIgaGVpZ2h0PSIxIiB4bWxucz0iaHR0cDovL3d3dy53My5vcmcvMjAwMC9zdmciPjwvc3ZnPg==\" class=\"lazyload\" style=\"--smush-placeholder-width: 468px; --smush-placeholder-aspect-ratio: 468\/60;\" \/>\n      <\/a><\/td>\n  <td><\/td>\n<\/tr><\/tbody><\/table><\/div><\/div>\r\n\r\n<div class=\"wplinktrade\"><div class=\"wplinktrade_stats wplinktrade_links\">\n      <table class=\"stats_table\" callspacing=\"1\">\n      <thead>\n      <tr>\n        <th>nettsted<\/th>\n        <th>Description<\/th><tr>\n  <td><a href=\"https:\/\/dubaiallescorts.com\/\" title=\"Dubaiallescorts.com\" target=\"_blank\">Dubai alle eskorte<\/a><\/td>\n  <td><\/td>  \n<\/tr><tr>\n  <td><a href=\"https:\/\/dubaiescortsru.xyz\/\" title=\"Dubai Escorts Russian\" target=\"_blank\">Dubai Escorts Ru<\/a><\/td>\n  <td><\/td>  \n<\/tr><tr>\n  <td><a href=\"https:\/\/dubaiescorts.sbs\/\" title=\"Dubai-eskorte\" target=\"_blank\">Dubai-eskorte<\/a><\/td>\n  <td><\/td>  \n<\/tr><tr>\n  <td><a href=\"https:\/\/dubaiescortsthai.xyz\/\" title=\"Dubai Escorts Thai\" target=\"_blank\">Dubai Escorts Thai<\/a><\/td>\n  <td><\/td>  \n<\/tr><tr>\n  <td><a href=\"https:\/\/thotslay.com\" title=\"Beste pornosider\" target=\"_blank\">Thotslay<\/a><\/td>\n  <td><\/td>  \n<\/tr><tr>\n  <td><a href=\"https:\/\/dubaiescortsru.com\/\" title=\"Dubaiescortsru\" target=\"_blank\">Dubaiescortsru<\/a><\/td>\n  <td><\/td>  \n<\/tr><tr>\n  <td><a href=\"https:\/\/gstaad.flymetoyou.ch\" title=\"Gstaad High Class Eskorte\" target=\"_blank\">Gstaad Eskorte<\/a><\/td>\n  <td><\/td>  \n<\/tr><tr>\n  <td><a href=\"https:\/\/interracialxxx.xyz\" title=\"Gratis interracial porno\" target=\"_blank\">Interracialxxx<\/a><\/td>\n  <td><\/td>  \n<\/tr><tr>\n  <td><a href=\"https:\/\/www.exoticangola.com\/acompanhantes-de\/acompanhanates-de-luanda\/\" title=\"Acompanhantes Luanda\" target=\"_blank\">Acompanhantes Luanda<\/a><\/td>\n  <td><\/td>  \n<\/tr><tr>\n  <td><a href=\"https:\/\/www.exoticliberia.com\/\" title=\"Eskorte Liberia\" target=\"_blank\">Eskorte Liberia<\/a><\/td>\n  <td><\/td>  \n<\/tr><tr>\n  <td><a href=\"https:\/\/www.exoticalgeria.com\/\" title=\"Eskorte Alg\u00e9rie\" target=\"_blank\">Eskorte Alg\u00e9rie<\/a><\/td>\n  <td><\/td>  \n<\/tr><tr>\n  <td><a href=\"https:\/\/topescortbabes.com\" title=\"Topp Eskorte Babes\" target=\"_blank\">Topp Eskorte Babes<\/a><\/td>\n  <td><\/td>  \n<\/tr><tr>\n  <td><a href=\"https:\/\/www.exotictunisia.com\/\" title=\"Eskorte Tunisie\" target=\"_blank\">Eskorte Tunisie<\/a><\/td>\n  <td><\/td>  \n<\/tr><tr>\n  <td><a href=\"https:\/\/www.exoticethiopia.com\/escorts-from\/addis-ababa\/\" title=\"Eskorte Addis Abeba\" target=\"_blank\">Eskorte Addis Abeba<\/a><\/td>\n  <td><\/td>  \n<\/tr><tr>\n  <td><a href=\"https:\/\/freebbwporn.xyz\" title=\"Gratis BBW-porno\" target=\"_blank\">Gratis BBW-porno<\/a><\/td>\n  <td><\/td>  \n<\/tr><tr>\n  <td><a href=\"https:\/\/freecartoonporn.xyz\" title=\"Gratis tegneserieporno\" target=\"_blank\">Gratis tegneserieporno<\/a><\/td>\n  <td><\/td>  \n<\/tr><tr>\n  <td><a href=\"https:\/\/freeindianporn.xyz\" title=\"Gratis indisk porno\" target=\"_blank\">Gratis indisk porno<\/a><\/td>\n  <td><\/td>  \n<\/tr><tr>\n  <td><a href=\"https:\/\/freelesbianporn.xyz\" title=\"Gratis lesbisk porno\" target=\"_blank\">Gratis lesbisk porno<\/a><\/td>\n  <td><\/td>  \n<\/tr><tr>\n  <td><a href=\"https:\/\/www.amsterdamescortgirls.com\" title=\"Eskorte Amsterdam\" target=\"_blank\">Amsterdam Escort Girls<\/a><\/td>\n  <td><\/td>  \n<\/tr><tr>\n  <td><a href=\"https:\/\/leakdump.com\" title=\"LeakDump\" target=\"_blank\">LeakDump<\/a><\/td>\n  <td><\/td>  \n<\/tr><tr>\n  <td><a href=\"https:\/\/hookupian.com\" title=\"Hookupian\" target=\"_blank\">Hookupian<\/a><\/td>\n  <td><\/td>  \n<\/tr><tr>\n  <td><a href=\"https:\/\/luxorescorts.agency\" title=\"London-eskorte\" target=\"_blank\">London-eskorte<\/a><\/td>\n  <td><\/td>  \n<\/tr><tr>\n  <td><a href=\"https:\/\/firstclass-courtesans.co.uk\" title=\"high end london eskorte\" target=\"_blank\">high end london eskorte<\/a><\/td>\n  <td><\/td>  \n<\/tr><tr>\n  <td><a href=\"https:\/\/www.cakdolls.cr\/oc\/\" title=\"oc eskorte\" target=\"_blank\">oc eskorte<\/a><\/td>\n  <td><\/td>  \n<\/tr><tr>\n  <td><a href=\"https:\/\/abudhabiescorts.cfd\/\" title=\"Abu Dhabi Escorts\" target=\"_blank\">Abu Dhabi Escorts<\/a><\/td>\n  <td><\/td>  \n<\/tr><tr>\n  <td><a href=\"https:\/\/mastidesi.com\" title=\"MastiDesi\" target=\"_blank\">MastiDesi<\/a><\/td>\n  <td><\/td>  \n<\/tr><tr>\n  <td><a href=\"https:\/\/uaeescorts.sbs\/\" title=\"Uae Escorts\" target=\"_blank\">Uae Escorts<\/a><\/td>\n  <td><\/td>  \n<\/tr><tr>\n  <td><a href=\"https:\/\/uaeescorts.club\/\" title=\"UAE Escorts Club\" target=\"_blank\">UAE Escorts Club<\/a><\/td>\n  <td><\/td>  \n<\/tr><tr>\n  <td><a href=\"https:\/\/uaeescorts.cfd\/\" title=\"UAE Escorts\" target=\"_blank\">UAE Escorts cfd<\/a><\/td>\n  <td><\/td>  \n<\/tr><tr>\n  <td><a href=\"https:\/\/abudhabiescorts.sbs\/\" title=\"Abu Dhabi Escorts\" target=\"_blank\">Abu Dhabi Escorts<\/a><\/td>\n  <td><\/td>  \n<\/tr><tr>\n  <td><a href=\"https:\/\/bahrainescorts.cfd\/\" title=\"Bahrain escorts\" target=\"_blank\">Bahrain escorts<\/a><\/td>\n  <td><\/td>  \n<\/tr><tr>\n  <td><a href=\"https:\/\/bahrainescorts.sbs\/\" title=\"Bahrain Escorts\" target=\"_blank\">Bahrain Escorts<\/a><\/td>\n  <td><\/td>  \n<\/tr><tr>\n  <td><a href=\"https:\/\/omanescorts.cfd\/\" title=\"Oman Escorts\" target=\"_blank\">Oman Escorts<\/a><\/td>\n  <td><\/td>  \n<\/tr><tr>\n  <td><a href=\"https:\/\/qatarescorts.sbs\/\" title=\"Qatar Escorts\" target=\"_blank\">Qatar Escorts<\/a><\/td>\n  <td><\/td>  \n<\/tr><tr>\n  <td><a href=\"https:\/\/omanescorts.sbs\/\" title=\"Oman Escorts\" target=\"_blank\">Oman Escorts<\/a><\/td>\n  <td><\/td>  \n<\/tr><tr>\n  <td><a href=\"https:\/\/qatarescorts.cfd\/\" title=\"Qatar Escorts\" target=\"_blank\">Qatar Escorts<\/a><\/td>\n  <td><\/td>  \n<\/tr><tr>\n  <td><a href=\"https:\/\/saudiescorts.cfd\/\" title=\"Saudi Escorts\" target=\"_blank\">Saudi Escorts<\/a><\/td>\n  <td><\/td>  \n<\/tr><tr>\n  <td><a href=\"https:\/\/saudiescorts.sbs\/\" title=\"Saudi Escorts\" target=\"_blank\">Saudi Escorts<\/a><\/td>\n  <td><\/td>  \n<\/tr><\/tbody><\/table><\/div><\/div><\/div>","protected":false},"excerpt":{"rendered":"","protected":false},"author":8,"featured_media":0,"parent":0,"menu_order":0,"comment_status":"closed","ping_status":"closed","template":"","meta":{"footnotes":""},"class_list":["post-12373173","page","type-page","status-publish","hentry"],"yoast_head":"<!-- This site is optimized with the Yoast SEO Premium plugin v22.3 (Yoast SEO v27.3) - https:\/\/yoast.com\/product\/yoast-seo-premium-wordpress\/ -->\n<title>Her finner duEskorte Girl - Finn Eskorte jenter i hele Norge fra hele Norge.<\/title>\n<meta name=\"description\" content=\"Her har du en oversikt over hvilke Eskorter som befinner seg i\" \/>\n<meta name=\"robots\" content=\"index, follow, max-snippet:-1, max-image-preview:large, max-video-preview:-1\" \/>\n<link rel=\"canonical\" href=\"https:\/\/eskortegirl.com\/no\/lenker\/\" \/>\n<meta property=\"og:locale\" content=\"nb_NO\" \/>\n<meta property=\"og:type\" content=\"article\" \/>\n<meta property=\"og:title\" content=\"Links\" \/>\n<meta property=\"og:description\" content=\"Her har du en oversikt over hvilke Eskorter som befinner seg i\" \/>\n<meta property=\"og:url\" content=\"https:\/\/eskortegirl.com\/no\/lenker\/\" \/>\n<meta property=\"og:site_name\" content=\"Eskorte Girl - Finn Eskorte jenter i hele Norge\" \/>\n<meta property=\"article:modified_time\" content=\"2023-08-31T07:19:35+00:00\" \/>\n<meta property=\"og:image\" content=\"https:\/\/eskortegirl.com\/wp-content\/uploads\/2023\/06\/images.jpeg\" \/>\n\t<meta property=\"og:image:width\" content=\"284\" \/>\n\t<meta property=\"og:image:height\" content=\"177\" \/>\n\t<meta property=\"og:image:type\" content=\"image\/jpeg\" \/>\n<meta name=\"twitter:card\" content=\"summary_large_image\" \/>\n<meta name=\"twitter:label1\" content=\"Ansl. lesetid\" \/>\n\t<meta name=\"twitter:data1\" content=\"1 minutt\" \/>\n<script type=\"application\/ld+json\" class=\"yoast-schema-graph\">{\"@context\":\"https:\\\/\\\/schema.org\",\"@graph\":[{\"@type\":\"WebPage\",\"@id\":\"https:\\\/\\\/eskortegirl.com\\\/links\\\/\",\"url\":\"https:\\\/\\\/eskortegirl.com\\\/links\\\/\",\"name\":\"Her finner duEskorte Girl - Finn Eskorte jenter i hele Norge fra hele Norge.\",\"isPartOf\":{\"@id\":\"https:\\\/\\\/eskortegirl.com\\\/#website\"},\"datePublished\":\"2023-08-31T07:19:02+00:00\",\"dateModified\":\"2023-08-31T07:19:35+00:00\",\"description\":\"Her har du en oversikt over hvilke Eskorter som befinner seg i\",\"breadcrumb\":{\"@id\":\"https:\\\/\\\/eskortegirl.com\\\/links\\\/#breadcrumb\"},\"inLanguage\":\"nb-NO\",\"potentialAction\":[{\"@type\":\"ReadAction\",\"target\":[\"https:\\\/\\\/eskortegirl.com\\\/links\\\/\"]}]},{\"@type\":\"BreadcrumbList\",\"@id\":\"https:\\\/\\\/eskortegirl.com\\\/links\\\/#breadcrumb\",\"itemListElement\":[{\"@type\":\"ListItem\",\"position\":1,\"name\":\"Home\",\"item\":\"https:\\\/\\\/eskortegirl.com\\\/\"},{\"@type\":\"ListItem\",\"position\":2,\"name\":\"Links\"}]},{\"@type\":\"WebSite\",\"@id\":\"https:\\\/\\\/eskortegirl.com\\\/#website\",\"url\":\"https:\\\/\\\/eskortegirl.com\\\/\",\"name\":\"Eskortegirl\",\"description\":\"Eskorte Girl - Finn Eskorte jenter i hele Norge\",\"publisher\":{\"@id\":\"https:\\\/\\\/eskortegirl.com\\\/#organization\"},\"alternateName\":\"Escorts\",\"potentialAction\":[{\"@type\":\"SearchAction\",\"target\":{\"@type\":\"EntryPoint\",\"urlTemplate\":\"https:\\\/\\\/eskortegirl.com\\\/?s={search_term_string}\"},\"query-input\":{\"@type\":\"PropertyValueSpecification\",\"valueRequired\":true,\"valueName\":\"search_term_string\"}}],\"inLanguage\":\"nb-NO\"},{\"@type\":\"Organization\",\"@id\":\"https:\\\/\\\/eskortegirl.com\\\/#organization\",\"name\":\"Eskortegirl\",\"url\":\"https:\\\/\\\/eskortegirl.com\\\/\",\"logo\":{\"@type\":\"ImageObject\",\"inLanguage\":\"nb-NO\",\"@id\":\"https:\\\/\\\/eskortegirl.com\\\/#\\\/schema\\\/logo\\\/image\\\/\",\"url\":\"https:\\\/\\\/eskortegirl.com\\\/wp-content\\\/uploads\\\/2023\\\/06\\\/Eskortegirl.png\",\"contentUrl\":\"https:\\\/\\\/eskortegirl.com\\\/wp-content\\\/uploads\\\/2023\\\/06\\\/Eskortegirl.png\",\"width\":240,\"height\":62,\"caption\":\"Eskortegirl\"},\"image\":{\"@id\":\"https:\\\/\\\/eskortegirl.com\\\/#\\\/schema\\\/logo\\\/image\\\/\"}}]}<\/script>\n<!-- \/ Yoast SEO Premium plugin. -->","yoast_head_json":{"title":"Her finner duEskorte Girl - Finn Eskorte jenter i hele Norge fra hele Norge.","description":"Her har du en oversikt over hvilke Eskorter som befinner seg i","robots":{"index":"index","follow":"follow","max-snippet":"max-snippet:-1","max-image-preview":"max-image-preview:large","max-video-preview":"max-video-preview:-1"},"canonical":"https:\/\/eskortegirl.com\/no\/lenker\/","og_locale":"nb_NO","og_type":"article","og_title":"Links","og_description":"Her har du en oversikt over hvilke Eskorter som befinner seg i","og_url":"https:\/\/eskortegirl.com\/no\/lenker\/","og_site_name":"Eskorte Girl - Finn Eskorte jenter i hele Norge","article_modified_time":"2023-08-31T07:19:35+00:00","og_image":[{"width":284,"height":177,"url":"https:\/\/eskortegirl.com\/wp-content\/uploads\/2023\/06\/images.jpeg","type":"image\/jpeg"}],"twitter_card":"summary_large_image","twitter_misc":{"Ansl. lesetid":"1 minutt"},"schema":{"@context":"https:\/\/schema.org","@graph":[{"@type":"WebPage","@id":"https:\/\/eskortegirl.com\/links\/","url":"https:\/\/eskortegirl.com\/links\/","name":"Her finner duEskorte Girl - Finn Eskorte jenter i hele Norge fra hele Norge.","isPartOf":{"@id":"https:\/\/eskortegirl.com\/#website"},"datePublished":"2023-08-31T07:19:02+00:00","dateModified":"2023-08-31T07:19:35+00:00","description":"Her har du en oversikt over hvilke Eskorter som befinner seg i","breadcrumb":{"@id":"https:\/\/eskortegirl.com\/links\/#breadcrumb"},"inLanguage":"nb-NO","potentialAction":[{"@type":"ReadAction","target":["https:\/\/eskortegirl.com\/links\/"]}]},{"@type":"BreadcrumbList","@id":"https:\/\/eskortegirl.com\/links\/#breadcrumb","itemListElement":[{"@type":"ListItem","position":1,"name":"Home","item":"https:\/\/eskortegirl.com\/"},{"@type":"ListItem","position":2,"name":"Links"}]},{"@type":"WebSite","@id":"https:\/\/eskortegirl.com\/#website","url":"https:\/\/eskortegirl.com\/","name":"Eskortegirl","description":"Eskorte Girl - Finn Eskorte jenter i hele Norge","publisher":{"@id":"https:\/\/eskortegirl.com\/#organization"},"alternateName":"Escorts","potentialAction":[{"@type":"SearchAction","target":{"@type":"EntryPoint","urlTemplate":"https:\/\/eskortegirl.com\/?s={search_term_string}"},"query-input":{"@type":"PropertyValueSpecification","valueRequired":true,"valueName":"search_term_string"}}],"inLanguage":"nb-NO"},{"@type":"Organization","@id":"https:\/\/eskortegirl.com\/#organization","name":"Eskortegirl","url":"https:\/\/eskortegirl.com\/","logo":{"@type":"ImageObject","inLanguage":"nb-NO","@id":"https:\/\/eskortegirl.com\/#\/schema\/logo\/image\/","url":"https:\/\/eskortegirl.com\/wp-content\/uploads\/2023\/06\/Eskortegirl.png","contentUrl":"https:\/\/eskortegirl.com\/wp-content\/uploads\/2023\/06\/Eskortegirl.png","width":240,"height":62,"caption":"Eskortegirl"},"image":{"@id":"https:\/\/eskortegirl.com\/#\/schema\/logo\/image\/"}}]}},"_links":{"self":[{"href":"https:\/\/eskortegirl.com\/no\/wp-json\/wp\/v2\/pages\/12373173","targetHints":{"allow":["GET"]}}],"collection":[{"href":"https:\/\/eskortegirl.com\/no\/wp-json\/wp\/v2\/pages"}],"about":[{"href":"https:\/\/eskortegirl.com\/no\/wp-json\/wp\/v2\/types\/page"}],"author":[{"embeddable":true,"href":"https:\/\/eskortegirl.com\/no\/wp-json\/wp\/v2\/users\/8"}],"replies":[{"embeddable":true,"href":"https:\/\/eskortegirl.com\/no\/wp-json\/wp\/v2\/comments?post=12373173"}],"version-history":[{"count":2,"href":"https:\/\/eskortegirl.com\/no\/wp-json\/wp\/v2\/pages\/12373173\/revisions"}],"predecessor-version":[{"id":12373177,"href":"https:\/\/eskortegirl.com\/no\/wp-json\/wp\/v2\/pages\/12373173\/revisions\/12373177"}],"wp:attachment":[{"href":"https:\/\/eskortegirl.com\/no\/wp-json\/wp\/v2\/media?parent=12373173"}],"curies":[{"name":"wp","href":"https:\/\/api.w.org\/{rel}","templated":true}]}}